{"id":4183,"date":"2025-06-11T21:21:31","date_gmt":"2025-06-11T19:21:31","guid":{"rendered":"https:\/\/squadplacements.com\/servicios\/private-household-staffing\/"},"modified":"2026-02-11T13:24:20","modified_gmt":"2026-02-11T12:24:20","slug":"personal-privado-domestico-residencias-privadas","status":"publish","type":"page","link":"https:\/\/squadplacements.com\/es\/servicios\/personal-privado-domestico-residencias-privadas\/","title":{"rendered":"Colocaci\u00f3n de personal privado y dom\u00e9stico para residencias privadas"},"content":{"rendered":"\t\t<div data-elementor-type=\"wp-page\" data-elementor-id=\"4183\" class=\"elementor elementor-4183 elementor-3502\" wpc-filter-elementor-widget=\"1\" data-elementor-post-type=\"page\">\n\t\t\t\t\t\t<section class=\"elementor-section elementor-top-section elementor-element elementor-element-1d5db728 elementor-section-full_width elementor-section-height-min-height animated-slow elementor-section-height-default elementor-section-items-middle elementor-invisible\" data-id=\"1d5db728\" data-element_type=\"section\" data-e-type=\"section\" data-settings=\"{&quot;background_background&quot;:&quot;classic&quot;,&quot;animation&quot;:&quot;fadeIn&quot;,&quot;animation_delay&quot;:250}\">\n\t\t\t\t\t\t<div class=\"elementor-container elementor-column-gap-no\">\n\t\t\t\t\t<div class=\"elementor-column elementor-col-100 elementor-top-column elementor-element elementor-element-5f4cea62\" data-id=\"5f4cea62\" data-element_type=\"column\" data-e-type=\"column\">\n\t\t\t<div class=\"elementor-widget-wrap elementor-element-populated\">\n\t\t\t\t\t\t<section class=\"elementor-section elementor-inner-section elementor-element elementor-element-66e501ed elementor-section-boxed elementor-section-height-default elementor-section-height-default\" data-id=\"66e501ed\" data-element_type=\"section\" data-e-type=\"section\">\n\t\t\t\t\t\t<div class=\"elementor-container elementor-column-gap-no\">\n\t\t\t\t\t<div class=\"elementor-column elementor-col-100 elementor-inner-column elementor-element elementor-element-142ca3e9\" data-id=\"142ca3e9\" data-element_type=\"column\" data-e-type=\"column\">\n\t\t\t<div class=\"elementor-widget-wrap elementor-element-populated\">\n\t\t\t\t\t\t<div class=\"elementor-element elementor-element-37de6039 animated-slow elementor-invisible elementor-widget elementor-widget-image\" data-id=\"37de6039\" data-element_type=\"widget\" data-e-type=\"widget\" data-settings=\"{&quot;_animation&quot;:&quot;fadeIn&quot;}\" data-widget_type=\"image.default\">\n\t\t\t\t<div class=\"elementor-widget-container\">\n\t\t\t\t\t\t\t\t\t\t\t\t\t\t\t<img fetchpriority=\"high\" decoding=\"async\" width=\"800\" height=\"533\" src=\"https:\/\/squadplacements.com\/wp-content\/uploads\/2025\/06\/Squad_Private-Household-Staffing.jpg\" class=\"attachment-large size-large wp-image-4184\" alt=\"\" srcset=\"https:\/\/squadplacements.com\/wp-content\/uploads\/2025\/06\/Squad_Private-Household-Staffing.jpg 860w, https:\/\/squadplacements.com\/wp-content\/uploads\/2025\/06\/Squad_Private-Household-Staffing-300x200.jpg 300w, https:\/\/squadplacements.com\/wp-content\/uploads\/2025\/06\/Squad_Private-Household-Staffing-768x512.jpg 768w\" sizes=\"(max-width: 800px) 100vw, 800px\" \/>\t\t\t\t\t\t\t\t\t\t\t\t\t\t\t<\/div>\n\t\t\t\t<\/div>\n\t\t\t\t<div class=\"elementor-element elementor-element-6d2b0d48 animated-slow elementor-invisible elementor-widget elementor-widget-heading\" data-id=\"6d2b0d48\" data-element_type=\"widget\" data-e-type=\"widget\" data-settings=\"{&quot;_animation&quot;:&quot;fadeIn&quot;}\" data-widget_type=\"heading.default\">\n\t\t\t\t<div class=\"elementor-widget-container\">\n\t\t\t\t\t<h2 class=\"elementor-heading-title elementor-size-default\">PROFESIONALES DE ALTO NIVEL PARA RESIDENCIAS EXCEPCIONALES<\/h2>\t\t\t\t<\/div>\n\t\t\t\t<\/div>\n\t\t\t\t<div class=\"elementor-element elementor-element-1aeb7ea6 animated-slow elementor-invisible elementor-widget elementor-widget-text-editor\" data-id=\"1aeb7ea6\" data-element_type=\"widget\" data-e-type=\"widget\" data-settings=\"{&quot;_animation&quot;:&quot;fadeIn&quot;}\" data-widget_type=\"text-editor.default\">\n\t\t\t\t<div class=\"elementor-widget-container\">\n\t\t\t\t\t\t\t\t\t<p class=\"p1\">En Squad, somos especialistas en formar equipos con un alto nivel de discreci\u00f3n y eficiencia para las residencias de familias de alto patrimonio.<span class=\"Apple-converted-space\">\u00a0 <\/span>Proporcionamos soluciones personalizadas que se adapten a tus est\u00e1ndares y a tu estilo de vida, est\u00e9s donde est\u00e9s y para todo lo que necesites: administrar m\u00faltiples residencias, gestionar complejos residenciales privados o buscar un personal concreto que se ajuste a las particularidades de tu familia.<\/p><p class=\"p1\">Somos conscientes de que la selecci\u00f3n de personal en este contexto dista en gran medida de la tradicional. La confianza, la discreci\u00f3n, la inteligencia emocional y la adecuaci\u00f3n cultural son tan importantes como la experiencia y la formaci\u00f3n. Trabajamos como una <i>boutique<\/i>: combinamos nuestro dilatado conocimiento en el sector con atenci\u00f3n al detalle, garantizando una selecci\u00f3n de personal adecuada para cada cliente.<\/p>\t\t\t\t\t\t\t\t<\/div>\n\t\t\t\t<\/div>\n\t\t\t\t<div class=\"elementor-element elementor-element-214cadc animated-slow elementor-invisible elementor-widget elementor-widget-heading\" data-id=\"214cadc\" data-element_type=\"widget\" data-e-type=\"widget\" data-settings=\"{&quot;_animation&quot;:&quot;fadeIn&quot;}\" data-widget_type=\"heading.default\">\n\t\t\t\t<div class=\"elementor-widget-container\">\n\t\t\t\t\t<h2 class=\"elementor-heading-title elementor-size-default\">COLOCACI\u00d3N DE PERSONAL PRIVADO Y DOM\u00c9STICO PARA RESIDENCIAS PRIVADAS<\/h2>\t\t\t\t<\/div>\n\t\t\t\t<\/div>\n\t\t\t\t<div class=\"elementor-element elementor-element-f96e4d2 animated-slow elementor-invisible elementor-widget elementor-widget-text-editor\" data-id=\"f96e4d2\" data-element_type=\"widget\" data-e-type=\"widget\" data-settings=\"{&quot;_animation&quot;:&quot;fadeIn&quot;}\" data-widget_type=\"text-editor.default\">\n\t\t\t\t<div class=\"elementor-widget-container\">\n\t\t\t\t\t\t\t\t\t<p class=\"p1\">Para gestionar una residencia privada, residencias de gran envergadura o un complejo residencial con m\u00faltiples propiedades, se necesita un equipo de profesionales bien engranado que trabaje con discreci\u00f3n e iniciativa, que cumpla los est\u00e1ndares m\u00e1s exigentes y que mantenga una confianza inquebrantable. Si quieres establecer un nuevo equipo para tu residencia o mejorar el actual, Squad puede asistirte en la b\u00fasqueda, la selecci\u00f3n y la asignaci\u00f3n de profesionales de alto nivel para el desempe\u00f1o de diversas funciones.<\/p><p class=\"p1\">Seleccionamos con regularidad personal para los siguientes puestos:<\/p><ul class=\"ul1\"><li class=\"li1\"><b>Asistente personal:<\/b>\u00a0supervisi\u00f3n de todos los \u00e1mbitos de la vida privada y del funcionamiento del hogar.<\/li><li class=\"li1\"><b>Gestor patrimonial:<\/b> supervisi\u00f3n del funcionamiento de una o m\u00faltiples propiedades, para que la gesti\u00f3n y el mantenimiento transcurra con fluidez y continuidad.<\/li><li class=\"li1\"><b>Chef privado:<\/b> dise\u00f1o de experiencias culinarias personalizadas y adaptadas a las preferencias familiares.<\/li><li class=\"li1\"><b>Mayordomo y gestor del personal dom\u00e9stico:<\/b> prestaci\u00f3n de un servicio de la mayor calidad, gesti\u00f3n del personal dom\u00e9stico y garant\u00eda de que las tareas diarias se desarrollen a la perfecci\u00f3n.<\/li><li class=\"li1\"><b>Personal de<\/b> <b>limpieza y lavander\u00eda:<\/b> mantenimiento de la limpieza y la organizaci\u00f3n de tus residencias conforme a los est\u00e1ndares m\u00e1s exigentes.<\/li><li class=\"li1\"><b>Ch\u00f3fer y personal de seguridad:<\/b> garantiza un transporte seguro y eficaz adem\u00e1s de ofrecer soluciones de seguridad integrales.<\/li><li class=\"li1\"><b>Cuidador\/a de ni\u00f1os e instructor:<\/b> cuidado de ni\u00f1os con la m\u00e1xima atenci\u00f3n y asistencia educativa adaptada a las necesidades familiares.<\/li><\/ul><p class=\"p1\">Seleccionamos a cada candidato siguiendo un proceso minucioso, adaptado seg\u00fan las necesidades espec\u00edficas de cada cliente, con el objetivo de garantizar que cuenta con la experiencia, la actitud y la capacidad de adaptaci\u00f3n necesarias para incorporarse perfectamente al personal dom\u00e9stico.<\/p>\t\t\t\t\t\t\t\t<\/div>\n\t\t\t\t<\/div>\n\t\t\t\t<div class=\"elementor-element elementor-element-4c281ad animated-slow elementor-invisible elementor-widget elementor-widget-heading\" data-id=\"4c281ad\" data-element_type=\"widget\" data-e-type=\"widget\" data-settings=\"{&quot;_animation&quot;:&quot;fadeIn&quot;}\" data-widget_type=\"heading.default\">\n\t\t\t\t<div class=\"elementor-widget-container\">\n\t\t\t\t\t<h2 class=\"elementor-heading-title elementor-size-default\">NUESTRO PROCESO<\/h2>\t\t\t\t<\/div>\n\t\t\t\t<\/div>\n\t\t\t\t<div class=\"elementor-element elementor-element-545b043 animated-slow elementor-invisible elementor-widget elementor-widget-text-editor\" data-id=\"545b043\" data-element_type=\"widget\" data-e-type=\"widget\" data-settings=\"{&quot;_animation&quot;:&quot;fadeIn&quot;}\" data-widget_type=\"text-editor.default\">\n\t\t\t\t<div class=\"elementor-widget-container\">\n\t\t\t\t\t\t\t\t\t<p class=\"p1\">Nuestro proceso de selecci\u00f3n es riguroso y completamente personalizado. No te ofrecemos un listado interminable de candidatos, sino que elaboramos una lista breve y concisa teniendo en cuenta tanto tus expectativas como la cultura y la estructura de tu hogar.<\/p><p class=\"p1\"><b>Consulta inicial:<\/b> empezamos manteniendo una conversaci\u00f3n detallada para conocer la estructura actual de tu hogar y definir el perfil del candidato ideal. Si necesitas contratar a varios profesionales, te presentamos opciones estrat\u00e9gicas para cubrir todos los puestos y horarios de manera eficiente.<\/p><p class=\"p1\"><b>B\u00fasqueda y preselecci\u00f3n:<\/b> gracias a nuestra amplia red y nuestros recursos, identificamos a los candidatos que se ajustan a tus necesidades, valores y estilo de vida.<\/p><p class=\"p1\"><b>Entrevistas:<\/b> hacemos entrevistas a todos los candidatos antes de mostrarte su perfil. Valoramos las habilidades comunicativas, la actitud, la discreci\u00f3n y la experiencia, para encontrar al candidato que encaje a la perfecci\u00f3n con tu equipo.<\/p><p class=\"p1\"><b>Presentaci\u00f3n de la lista de candidatos:<\/b> te presentamos una lista con los mejores candidatos, todos ellos evaluados para cumplir con tus expectativas y necesidades espec\u00edficas.<\/p><p class=\"p1\"><b>Incorporaci\u00f3n y seguimiento: <\/b>tras la incorporaci\u00f3n, acompa\u00f1amos tanto al cliente como al profesional para garantizar que la integraci\u00f3n sea fluida y atender cualquier cuesti\u00f3n de inmediato.<\/p>\t\t\t\t\t\t\t\t<\/div>\n\t\t\t\t<\/div>\n\t\t\t\t<div class=\"elementor-element elementor-element-ea863d8 animated-slow elementor-invisible elementor-widget elementor-widget-heading\" data-id=\"ea863d8\" data-element_type=\"widget\" data-e-type=\"widget\" data-settings=\"{&quot;_animation&quot;:&quot;fadeIn&quot;}\" data-widget_type=\"heading.default\">\n\t\t\t\t<div class=\"elementor-widget-container\">\n\t\t\t\t\t<h2 class=\"elementor-heading-title elementor-size-default\">\u00bfPOR QU\u00c9 ELEGIR SQUAD PLACEMENTS?<\/h2>\t\t\t\t<\/div>\n\t\t\t\t<\/div>\n\t\t\t\t<div class=\"elementor-element elementor-element-f726b42 animated-slow elementor-invisible elementor-widget elementor-widget-text-editor\" data-id=\"f726b42\" data-element_type=\"widget\" data-e-type=\"widget\" data-settings=\"{&quot;_animation&quot;:&quot;fadeIn&quot;}\" data-widget_type=\"text-editor.default\">\n\t\t\t\t<div class=\"elementor-widget-container\">\n\t\t\t\t\t\t\t\t\t<p class=\"p1\">No somos simples reclutadores: somos expertos del sector. Nuestra empresa est\u00e1 fundada por profesionales que conocen de primera mano el \u00e1mbito del lujo y de los servicios privados, lo que nos permite comprender los matices y particularidades de los hogares de alto perfil y de las familias con alto patrimonio. Nuestra experiencia, adquirida de primera mano, gu\u00eda cada elemento que compone nuestro servicio, desde la preselecci\u00f3n del candidato hasta el acompa\u00f1amiento a largo plazo.<\/p><p class=\"p1\">Gracias a nuestro compromiso por garantizar la discreci\u00f3n, la agilidad y una calidad indiscutible, nuestros servicios superan siempre las expectativas.<\/p>\t\t\t\t\t\t\t\t<\/div>\n\t\t\t\t<\/div>\n\t\t\t\t<div class=\"elementor-element elementor-element-be75ee9 elementor-mobile-align-justify animated-slow elementor-invisible elementor-widget elementor-widget-button\" data-id=\"be75ee9\" data-element_type=\"widget\" data-e-type=\"widget\" data-settings=\"{&quot;_animation&quot;:&quot;fadeIn&quot;}\" data-widget_type=\"button.default\">\n\t\t\t\t<div class=\"elementor-widget-container\">\n\t\t\t\t\t\t\t\t\t<div class=\"elementor-button-wrapper\">\n\t\t\t\t\t<a class=\"elementor-button elementor-button-link elementor-size-sm\" href=\"https:\/\/squadplacements.com\/es\/contacto\/\">\n\t\t\t\t\t\t<span class=\"elementor-button-content-wrapper\">\n\t\t\t\t\t\t\t\t\t<span class=\"elementor-button-text\">CONTACTA CON NOSOTROS<\/span>\n\t\t\t\t\t<\/span>\n\t\t\t\t\t<\/a>\n\t\t\t\t<\/div>\n\t\t\t\t\t\t\t\t<\/div>\n\t\t\t\t<\/div>\n\t\t\t\t\t<\/div>\n\t\t<\/div>\n\t\t\t\t\t<\/div>\n\t\t<\/section>\n\t\t\t\t\t<\/div>\n\t\t<\/div>\n\t\t\t\t\t<\/div>\n\t\t<\/section>\n\t\t\t\t<\/div>\n\t\t","protected":false},"excerpt":{"rendered":"<p>PROFESIONALES DE ALTO NIVEL PARA RESIDENCIAS EXCEPCIONALES En Squad, somos especialistas en formar equipos con un alto nivel de discreci\u00f3n y eficiencia para las residencias de familias de alto patrimonio.\u00a0 Proporcionamos soluciones personalizadas que se adapten a tus est\u00e1ndares y a tu estilo de vida, est\u00e9s donde est\u00e9s y para todo lo que necesites: administrar [&hellip;]<\/p>\n","protected":false},"author":1,"featured_media":4128,"parent":4168,"menu_order":0,"comment_status":"closed","ping_status":"closed","template":"","meta":{"_acf_changed":false,"footnotes":""},"class_list":["post-4183","page","type-page","status-publish","has-post-thumbnail","hentry"],"acf":[],"yoast_head":"<!-- This site is optimized with the Yoast SEO plugin v27.4 - https:\/\/yoast.com\/product\/yoast-seo-wordpress\/ -->\n<title>Colocaci\u00f3n de personal privado y dom\u00e9stico para residencias privadas | Squad<\/title>\n<meta name=\"robots\" content=\"index, follow, max-snippet:-1, max-image-preview:large, max-video-preview:-1\" \/>\n<link rel=\"canonical\" href=\"https:\/\/squadplacements.com\/es\/servicios\/personal-privado-domestico-residencias-privadas\/\" \/>\n<meta property=\"og:locale\" content=\"es_ES\" \/>\n<meta property=\"og:type\" content=\"article\" \/>\n<meta property=\"og:title\" content=\"Colocaci\u00f3n de personal privado y dom\u00e9stico para residencias privadas | Squad\" \/>\n<meta property=\"og:description\" content=\"PROFESIONALES DE ALTO NIVEL PARA RESIDENCIAS EXCEPCIONALES En Squad, somos especialistas en formar equipos con un alto nivel de discreci\u00f3n y eficiencia para las residencias de familias de alto patrimonio.\u00a0 Proporcionamos soluciones personalizadas que se adapten a tus est\u00e1ndares y a tu estilo de vida, est\u00e9s donde est\u00e9s y para todo lo que necesites: administrar [&hellip;]\" \/>\n<meta property=\"og:url\" content=\"https:\/\/squadplacements.com\/es\/servicios\/personal-privado-domestico-residencias-privadas\/\" \/>\n<meta property=\"og:site_name\" content=\"Squad\" \/>\n<meta property=\"article:modified_time\" content=\"2026-02-11T12:24:20+00:00\" \/>\n<meta property=\"og:image\" content=\"https:\/\/squadplacements.com\/wp-content\/uploads\/2025\/06\/Full-Squad-Cream.png\" \/>\n\t<meta property=\"og:image:width\" content=\"1000\" \/>\n\t<meta property=\"og:image:height\" content=\"1000\" \/>\n\t<meta property=\"og:image:type\" content=\"image\/png\" \/>\n<meta name=\"twitter:card\" content=\"summary_large_image\" \/>\n<meta name=\"twitter:label1\" content=\"Tiempo de lectura\" \/>\n\t<meta name=\"twitter:data1\" content=\"4 minutos\" \/>\n<script type=\"application\/ld+json\" class=\"yoast-schema-graph\">{\"@context\":\"https:\\\/\\\/schema.org\",\"@graph\":[{\"@type\":\"WebPage\",\"@id\":\"https:\\\/\\\/squadplacements.com\\\/es\\\/servicios\\\/personal-privado-domestico-residencias-privadas\\\/\",\"url\":\"https:\\\/\\\/squadplacements.com\\\/es\\\/servicios\\\/personal-privado-domestico-residencias-privadas\\\/\",\"name\":\"Colocaci\u00f3n de personal privado y dom\u00e9stico para residencias privadas | Squad\",\"isPartOf\":{\"@id\":\"https:\\\/\\\/squadplacements.com\\\/es\\\/#website\"},\"primaryImageOfPage\":{\"@id\":\"https:\\\/\\\/squadplacements.com\\\/es\\\/servicios\\\/personal-privado-domestico-residencias-privadas\\\/#primaryimage\"},\"image\":{\"@id\":\"https:\\\/\\\/squadplacements.com\\\/es\\\/servicios\\\/personal-privado-domestico-residencias-privadas\\\/#primaryimage\"},\"thumbnailUrl\":\"https:\\\/\\\/squadplacements.com\\\/wp-content\\\/uploads\\\/2025\\\/06\\\/Full-Squad-Cream.png\",\"datePublished\":\"2025-06-11T19:21:31+00:00\",\"dateModified\":\"2026-02-11T12:24:20+00:00\",\"breadcrumb\":{\"@id\":\"https:\\\/\\\/squadplacements.com\\\/es\\\/servicios\\\/personal-privado-domestico-residencias-privadas\\\/#breadcrumb\"},\"inLanguage\":\"es\",\"potentialAction\":[{\"@type\":\"ReadAction\",\"target\":[\"https:\\\/\\\/squadplacements.com\\\/es\\\/servicios\\\/personal-privado-domestico-residencias-privadas\\\/\"]}]},{\"@type\":\"ImageObject\",\"inLanguage\":\"es\",\"@id\":\"https:\\\/\\\/squadplacements.com\\\/es\\\/servicios\\\/personal-privado-domestico-residencias-privadas\\\/#primaryimage\",\"url\":\"https:\\\/\\\/squadplacements.com\\\/wp-content\\\/uploads\\\/2025\\\/06\\\/Full-Squad-Cream.png\",\"contentUrl\":\"https:\\\/\\\/squadplacements.com\\\/wp-content\\\/uploads\\\/2025\\\/06\\\/Full-Squad-Cream.png\",\"width\":1000,\"height\":1000,\"caption\":\"squad-private-staffing-agency\"},{\"@type\":\"BreadcrumbList\",\"@id\":\"https:\\\/\\\/squadplacements.com\\\/es\\\/servicios\\\/personal-privado-domestico-residencias-privadas\\\/#breadcrumb\",\"itemListElement\":[{\"@type\":\"ListItem\",\"position\":1,\"name\":\"Home\",\"item\":\"https:\\\/\\\/squadplacements.com\\\/es\\\/\"},{\"@type\":\"ListItem\",\"position\":2,\"name\":\"Ubicaciones &#038; Servicios\",\"item\":\"https:\\\/\\\/squadplacements.com\\\/es\\\/servicios\\\/\"},{\"@type\":\"ListItem\",\"position\":3,\"name\":\"Colocaci\u00f3n de personal privado y dom\u00e9stico para residencias privadas\"}]},{\"@type\":\"WebSite\",\"@id\":\"https:\\\/\\\/squadplacements.com\\\/es\\\/#website\",\"url\":\"https:\\\/\\\/squadplacements.com\\\/es\\\/\",\"name\":\"Squad High Profile Placements\",\"description\":\"High Profile Placementes\",\"publisher\":{\"@id\":\"https:\\\/\\\/squadplacements.com\\\/es\\\/#organization\"},\"potentialAction\":[{\"@type\":\"SearchAction\",\"target\":{\"@type\":\"EntryPoint\",\"urlTemplate\":\"https:\\\/\\\/squadplacements.com\\\/es\\\/?s={search_term_string}\"},\"query-input\":{\"@type\":\"PropertyValueSpecification\",\"valueRequired\":true,\"valueName\":\"search_term_string\"}}],\"inLanguage\":\"es\"},{\"@type\":\"Organization\",\"@id\":\"https:\\\/\\\/squadplacements.com\\\/es\\\/#organization\",\"name\":\"Squad\",\"url\":\"https:\\\/\\\/squadplacements.com\\\/es\\\/\",\"logo\":{\"@type\":\"ImageObject\",\"inLanguage\":\"es\",\"@id\":\"https:\\\/\\\/squadplacements.com\\\/es\\\/#\\\/schema\\\/logo\\\/image\\\/\",\"url\":\"https:\\\/\\\/squadplacements.com\\\/wp-content\\\/uploads\\\/2024\\\/04\\\/squad-placements.png\",\"contentUrl\":\"https:\\\/\\\/squadplacements.com\\\/wp-content\\\/uploads\\\/2024\\\/04\\\/squad-placements.png\",\"width\":955,\"height\":433,\"caption\":\"Squad\"},\"image\":{\"@id\":\"https:\\\/\\\/squadplacements.com\\\/es\\\/#\\\/schema\\\/logo\\\/image\\\/\"}}]}<\/script>\n<!-- \/ Yoast SEO plugin. -->","yoast_head_json":{"title":"Colocaci\u00f3n de personal privado y dom\u00e9stico para residencias privadas | Squad","robots":{"index":"index","follow":"follow","max-snippet":"max-snippet:-1","max-image-preview":"max-image-preview:large","max-video-preview":"max-video-preview:-1"},"canonical":"https:\/\/squadplacements.com\/es\/servicios\/personal-privado-domestico-residencias-privadas\/","og_locale":"es_ES","og_type":"article","og_title":"Colocaci\u00f3n de personal privado y dom\u00e9stico para residencias privadas | Squad","og_description":"PROFESIONALES DE ALTO NIVEL PARA RESIDENCIAS EXCEPCIONALES En Squad, somos especialistas en formar equipos con un alto nivel de discreci\u00f3n y eficiencia para las residencias de familias de alto patrimonio.\u00a0 Proporcionamos soluciones personalizadas que se adapten a tus est\u00e1ndares y a tu estilo de vida, est\u00e9s donde est\u00e9s y para todo lo que necesites: administrar [&hellip;]","og_url":"https:\/\/squadplacements.com\/es\/servicios\/personal-privado-domestico-residencias-privadas\/","og_site_name":"Squad","article_modified_time":"2026-02-11T12:24:20+00:00","og_image":[{"width":1000,"height":1000,"url":"https:\/\/squadplacements.com\/wp-content\/uploads\/2025\/06\/Full-Squad-Cream.png","type":"image\/png"}],"twitter_card":"summary_large_image","twitter_misc":{"Tiempo de lectura":"4 minutos"},"schema":{"@context":"https:\/\/schema.org","@graph":[{"@type":"WebPage","@id":"https:\/\/squadplacements.com\/es\/servicios\/personal-privado-domestico-residencias-privadas\/","url":"https:\/\/squadplacements.com\/es\/servicios\/personal-privado-domestico-residencias-privadas\/","name":"Colocaci\u00f3n de personal privado y dom\u00e9stico para residencias privadas | Squad","isPartOf":{"@id":"https:\/\/squadplacements.com\/es\/#website"},"primaryImageOfPage":{"@id":"https:\/\/squadplacements.com\/es\/servicios\/personal-privado-domestico-residencias-privadas\/#primaryimage"},"image":{"@id":"https:\/\/squadplacements.com\/es\/servicios\/personal-privado-domestico-residencias-privadas\/#primaryimage"},"thumbnailUrl":"https:\/\/squadplacements.com\/wp-content\/uploads\/2025\/06\/Full-Squad-Cream.png","datePublished":"2025-06-11T19:21:31+00:00","dateModified":"2026-02-11T12:24:20+00:00","breadcrumb":{"@id":"https:\/\/squadplacements.com\/es\/servicios\/personal-privado-domestico-residencias-privadas\/#breadcrumb"},"inLanguage":"es","potentialAction":[{"@type":"ReadAction","target":["https:\/\/squadplacements.com\/es\/servicios\/personal-privado-domestico-residencias-privadas\/"]}]},{"@type":"ImageObject","inLanguage":"es","@id":"https:\/\/squadplacements.com\/es\/servicios\/personal-privado-domestico-residencias-privadas\/#primaryimage","url":"https:\/\/squadplacements.com\/wp-content\/uploads\/2025\/06\/Full-Squad-Cream.png","contentUrl":"https:\/\/squadplacements.com\/wp-content\/uploads\/2025\/06\/Full-Squad-Cream.png","width":1000,"height":1000,"caption":"squad-private-staffing-agency"},{"@type":"BreadcrumbList","@id":"https:\/\/squadplacements.com\/es\/servicios\/personal-privado-domestico-residencias-privadas\/#breadcrumb","itemListElement":[{"@type":"ListItem","position":1,"name":"Home","item":"https:\/\/squadplacements.com\/es\/"},{"@type":"ListItem","position":2,"name":"Ubicaciones &#038; Servicios","item":"https:\/\/squadplacements.com\/es\/servicios\/"},{"@type":"ListItem","position":3,"name":"Colocaci\u00f3n de personal privado y dom\u00e9stico para residencias privadas"}]},{"@type":"WebSite","@id":"https:\/\/squadplacements.com\/es\/#website","url":"https:\/\/squadplacements.com\/es\/","name":"Squad High Profile Placements","description":"High Profile Placementes","publisher":{"@id":"https:\/\/squadplacements.com\/es\/#organization"},"potentialAction":[{"@type":"SearchAction","target":{"@type":"EntryPoint","urlTemplate":"https:\/\/squadplacements.com\/es\/?s={search_term_string}"},"query-input":{"@type":"PropertyValueSpecification","valueRequired":true,"valueName":"search_term_string"}}],"inLanguage":"es"},{"@type":"Organization","@id":"https:\/\/squadplacements.com\/es\/#organization","name":"Squad","url":"https:\/\/squadplacements.com\/es\/","logo":{"@type":"ImageObject","inLanguage":"es","@id":"https:\/\/squadplacements.com\/es\/#\/schema\/logo\/image\/","url":"https:\/\/squadplacements.com\/wp-content\/uploads\/2024\/04\/squad-placements.png","contentUrl":"https:\/\/squadplacements.com\/wp-content\/uploads\/2024\/04\/squad-placements.png","width":955,"height":433,"caption":"Squad"},"image":{"@id":"https:\/\/squadplacements.com\/es\/#\/schema\/logo\/image\/"}}]}},"_links":{"self":[{"href":"https:\/\/squadplacements.com\/es\/wp-json\/wp\/v2\/pages\/4183","targetHints":{"allow":["GET"]}}],"collection":[{"href":"https:\/\/squadplacements.com\/es\/wp-json\/wp\/v2\/pages"}],"about":[{"href":"https:\/\/squadplacements.com\/es\/wp-json\/wp\/v2\/types\/page"}],"author":[{"embeddable":true,"href":"https:\/\/squadplacements.com\/es\/wp-json\/wp\/v2\/users\/1"}],"replies":[{"embeddable":true,"href":"https:\/\/squadplacements.com\/es\/wp-json\/wp\/v2\/comments?post=4183"}],"version-history":[{"count":8,"href":"https:\/\/squadplacements.com\/es\/wp-json\/wp\/v2\/pages\/4183\/revisions"}],"predecessor-version":[{"id":4219,"href":"https:\/\/squadplacements.com\/es\/wp-json\/wp\/v2\/pages\/4183\/revisions\/4219"}],"up":[{"embeddable":true,"href":"https:\/\/squadplacements.com\/es\/wp-json\/wp\/v2\/pages\/4168"}],"wp:featuredmedia":[{"embeddable":true,"href":"https:\/\/squadplacements.com\/es\/wp-json\/wp\/v2\/media\/4128"}],"wp:attachment":[{"href":"https:\/\/squadplacements.com\/es\/wp-json\/wp\/v2\/media?parent=4183"}],"curies":[{"name":"wp","href":"https:\/\/api.w.org\/{rel}","templated":true}]}}