{"id":4221,"date":"2025-06-11T21:17:02","date_gmt":"2025-06-11T19:17:02","guid":{"rendered":"https:\/\/squadplacements.com\/servicios\/family-office-corporate-staffing\/"},"modified":"2026-02-11T13:39:15","modified_gmt":"2026-02-11T12:39:15","slug":"colocacion-personal-family-offices-empresas","status":"publish","type":"page","link":"https:\/\/squadplacements.com\/es\/servicios\/colocacion-personal-family-offices-empresas\/","title":{"rendered":"Colocaci\u00f3n de personal para family offices y para empresas"},"content":{"rendered":"\t\t<div data-elementor-type=\"wp-page\" data-elementor-id=\"4221\" class=\"elementor elementor-4221 elementor-3430\" wpc-filter-elementor-widget=\"1\" data-elementor-post-type=\"page\">\n\t\t\t\t\t\t<section class=\"elementor-section elementor-top-section elementor-element elementor-element-435ae178 elementor-section-full_width elementor-section-height-min-height animated-slow elementor-section-height-default elementor-section-items-middle elementor-invisible\" data-id=\"435ae178\" data-element_type=\"section\" data-e-type=\"section\" data-settings=\"{&quot;background_background&quot;:&quot;classic&quot;,&quot;animation&quot;:&quot;fadeIn&quot;,&quot;animation_delay&quot;:250}\">\n\t\t\t\t\t\t<div class=\"elementor-container elementor-column-gap-no\">\n\t\t\t\t\t<div class=\"elementor-column elementor-col-100 elementor-top-column elementor-element elementor-element-760d34ce\" data-id=\"760d34ce\" data-element_type=\"column\" data-e-type=\"column\">\n\t\t\t<div class=\"elementor-widget-wrap elementor-element-populated\">\n\t\t\t\t\t\t<section class=\"elementor-section elementor-inner-section elementor-element elementor-element-21048870 elementor-section-boxed elementor-section-height-default elementor-section-height-default\" data-id=\"21048870\" data-element_type=\"section\" data-e-type=\"section\">\n\t\t\t\t\t\t<div class=\"elementor-container elementor-column-gap-no\">\n\t\t\t\t\t<div class=\"elementor-column elementor-col-100 elementor-inner-column elementor-element elementor-element-7a38e4e1\" data-id=\"7a38e4e1\" data-element_type=\"column\" data-e-type=\"column\">\n\t\t\t<div class=\"elementor-widget-wrap elementor-element-populated\">\n\t\t\t\t\t\t<div class=\"elementor-element elementor-element-5aaff2c animated-slow elementor-invisible elementor-widget elementor-widget-heading\" data-id=\"5aaff2c\" data-element_type=\"widget\" data-e-type=\"widget\" data-settings=\"{&quot;_animation&quot;:&quot;fadeIn&quot;}\" data-widget_type=\"heading.default\">\n\t\t\t\t<div class=\"elementor-widget-container\">\n\t\t\t\t\t<h1 class=\"elementor-heading-title elementor-size-default\">Family Office &amp; Corporate Staffing<\/h1>\t\t\t\t<\/div>\n\t\t\t\t<\/div>\n\t\t\t\t<div class=\"elementor-element elementor-element-20e52bf6 animated-slow elementor-invisible elementor-widget elementor-widget-image\" data-id=\"20e52bf6\" data-element_type=\"widget\" data-e-type=\"widget\" data-settings=\"{&quot;_animation&quot;:&quot;fadeIn&quot;}\" data-widget_type=\"image.default\">\n\t\t\t\t<div class=\"elementor-widget-container\">\n\t\t\t\t\t\t\t\t\t\t\t\t\t\t\t<img fetchpriority=\"high\" decoding=\"async\" width=\"800\" height=\"533\" src=\"https:\/\/squadplacements.com\/wp-content\/uploads\/2025\/06\/Squad_Family-Office-Staffing.jpg\" class=\"attachment-large size-large wp-image-4222\" alt=\"\" srcset=\"https:\/\/squadplacements.com\/wp-content\/uploads\/2025\/06\/Squad_Family-Office-Staffing.jpg 860w, https:\/\/squadplacements.com\/wp-content\/uploads\/2025\/06\/Squad_Family-Office-Staffing-300x200.jpg 300w, https:\/\/squadplacements.com\/wp-content\/uploads\/2025\/06\/Squad_Family-Office-Staffing-768x512.jpg 768w\" sizes=\"(max-width: 800px) 100vw, 800px\" \/>\t\t\t\t\t\t\t\t\t\t\t\t\t\t\t<\/div>\n\t\t\t\t<\/div>\n\t\t\t\t<div class=\"elementor-element elementor-element-1bdb476 elementor-widget elementor-widget-heading\" data-id=\"1bdb476\" data-element_type=\"widget\" data-e-type=\"widget\" data-widget_type=\"heading.default\">\n\t\t\t\t<div class=\"elementor-widget-container\">\n\t\t\t\t\t<h2 class=\"elementor-heading-title elementor-size-default\">COLOCACI\u00d3N DE PERSONAL DE ALTO NIVEL PARA ESTRUCTURAS EXCEPCIONALES<\/h2>\t\t\t\t<\/div>\n\t\t\t\t<\/div>\n\t\t\t\t<div class=\"elementor-element elementor-element-54cfa587 animated-slow elementor-invisible elementor-widget elementor-widget-text-editor\" data-id=\"54cfa587\" data-element_type=\"widget\" data-e-type=\"widget\" data-settings=\"{&quot;_animation&quot;:&quot;fadeIn&quot;}\" data-widget_type=\"text-editor.default\">\n\t\t\t\t<div class=\"elementor-widget-container\">\n\t\t\t\t\t\t\t\t\t<p class=\"p1\">En Squad Placements, somos especialistas en crear equipos con un alto nivel de discreci\u00f3n y eficiencia para <i>family offices<\/i>, empresas privadas y residencias de personas con un patrimonio neto muy elevado (lo que en ingl\u00e9s se denomina <i>ultra-high-net-worth individual<\/i> o UNHW). Si te encargas de la gesti\u00f3n de una <i>family office<\/i>, de una <i>boutique<\/i> financiera o de un patrimonio generacional, te ayudamos a encontrar a las personas adecuadas y establecer la estructura \u00f3ptima para conseguir tus objetivos.<\/p><p class=\"p1\">Sabemos que la selecci\u00f3n de personal en este contexto no depende exclusivamente de los curr\u00edculos. La confianza, la discreci\u00f3n, la inteligencia emocional y la adecuaci\u00f3n cultural son tan importantes como la experiencia y la formaci\u00f3n. Trabajamos como una <i>boutique<\/i>: combinamos nuestro dilatado conocimiento en el sector con una gran atenci\u00f3n al detalle, a fin de encontrar a la persona adecuada para cada cliente.<\/p>\t\t\t\t\t\t\t\t<\/div>\n\t\t\t\t<\/div>\n\t\t\t\t<div class=\"elementor-element elementor-element-68efed93 animated-slow elementor-invisible elementor-widget elementor-widget-heading\" data-id=\"68efed93\" data-element_type=\"widget\" data-e-type=\"widget\" data-settings=\"{&quot;_animation&quot;:&quot;fadeIn&quot;}\" data-widget_type=\"heading.default\">\n\t\t\t\t<div class=\"elementor-widget-container\">\n\t\t\t\t\t<h2 class=\"elementor-heading-title elementor-size-default\">COLOCACI\u00d3N DE PERSONAL PARA FAMILY OFFICES<\/h2>\t\t\t\t<\/div>\n\t\t\t\t<\/div>\n\t\t\t\t<div class=\"elementor-element elementor-element-180db6a5 animated-slow elementor-invisible elementor-widget elementor-widget-text-editor\" data-id=\"180db6a5\" data-element_type=\"widget\" data-e-type=\"widget\" data-settings=\"{&quot;_animation&quot;:&quot;fadeIn&quot;}\" data-widget_type=\"text-editor.default\">\n\t\t\t\t<div class=\"elementor-widget-container\">\n\t\t\t\t\t\t\t\t\t<p class=\"p1\">Para gestionar una <i>family office<\/i> se precisa de un equipo de profesionales bien engranado que trabaje con discreci\u00f3n e iniciativa y sea de absoluta confianza. Si quieres fundar una nueva oficina o ampliar la estructura actual, Squad te acompa\u00f1a en la b\u00fasqueda, la selecci\u00f3n y la colocaci\u00f3n de profesionales de alto nivel para el desempe\u00f1o de las principales funciones.<\/p><p class=\"p1\">Nuestros procesos de selecci\u00f3n cubren habitualmente puestos como:<\/p><ul class=\"ul1\"><li class=\"li1\">Consejeros delegados (CEO), directores financieros (CFO), jefes de operaciones (COO)<\/li><li class=\"li1\">Jefes de personal\u00a0<\/li><li class=\"li1\">Asistentes ejecutivos y asistentes personales<\/li><li class=\"li1\">Directores jur\u00eddicos y directivos en los \u00e1mbitos financiero, jur\u00eddico y de <i>compliance<\/i><i><\/i><\/li><li class=\"li1\">Gestores de la propiedad y patrimoniales<\/li><li class=\"li1\">Asesores fiscales, contables y gestores de riesgos\u00a0<\/li><li class=\"li1\">Fil\u00e1ntropos o directores de fundaciones<\/li><\/ul><p class=\"p1\">Seleccionamos cuidadosamente a cada candidato seg\u00fan tus necesidades espec\u00edficas, ya busques una persona con conocimientos financieros, con experiencia en operaciones o con dotes exquisitas para el servicio personal.<\/p>\t\t\t\t\t\t\t\t<\/div>\n\t\t\t\t<\/div>\n\t\t\t\t<div class=\"elementor-element elementor-element-a187051 elementor-widget elementor-widget-heading\" data-id=\"a187051\" data-element_type=\"widget\" data-e-type=\"widget\" data-widget_type=\"heading.default\">\n\t\t\t\t<div class=\"elementor-widget-container\">\n\t\t\t\t\t<h2 class=\"elementor-heading-title elementor-size-default\">COLOCACI\u00d3N DE PERSONAL PARA EMPRESAS<\/h2>\t\t\t\t<\/div>\n\t\t\t\t<\/div>\n\t\t\t\t<div class=\"elementor-element elementor-element-861794a elementor-widget elementor-widget-text-editor\" data-id=\"861794a\" data-element_type=\"widget\" data-e-type=\"widget\" data-widget_type=\"text-editor.default\">\n\t\t\t\t<div class=\"elementor-widget-container\">\n\t\t\t\t\t\t\t\t\t<p class=\"p1\">En el caso de empresas influyentes como pueden ser las entidades de capital riesgo o las empresas emergentes del sector del lujo, contar con el equipo correcto es trascendental.<span class=\"Apple-converted-space\">\u00a0 <\/span>Asistimos a los fundadores, a los altos cargos y al equipo directivo en la selecci\u00f3n de los mejores candidatos para puestos operativos y estrat\u00e9gicos.\u00a0<\/p><p class=\"p1\">A menudo, estas sociedades est\u00e1n estrechamente vinculadas con las <i>family offices<\/i> o con clientes privados con los que ya trabajamos: son propiedad de la familia, est\u00e1n alineadas con sus inversiones (<i>ventures<\/i>) o funcionan bajo el mismo equipo directivo. Por eso, ampliar las relaciones con una agencia de colocaci\u00f3n que ya conoce tus valores, tu ritmo y tus est\u00e1ndares, adem\u00e1s de resultar sumamente eficaz, supone una ventaja estrat\u00e9gica.<\/p><p class=\"p1\">Nos especializamos en la contrataci\u00f3n de puestos clave que puedan desempe\u00f1ar varias funciones, como:<\/p><ul class=\"ul1\"><li class=\"li1\">Consejeros delegados (CEO), directores financieros (CFO) y jefes de operaciones (COO)<\/li><li class=\"li1\">Directivos y altos cargos (en los \u00e1mbitos de operaciones, de finanzas, de marketing o de recursos humanos)<\/li><li class=\"li1\">Responsables de marketing, comunicaciones y relaciones p\u00fablicas<\/li><li class=\"li1\">Directores de desarrollo de negocio y de alianzas<\/li><li class=\"li1\">Asistentes ejecutivos y jefes de personal<\/li><li class=\"li1\">Coordinadores de oficinas y operaciones<\/li><\/ul><p class=\"p1\">Nuestros candidatos est\u00e1n acostumbrados a trabajar en entornos muy exigentes y de ritmo r\u00e1pido, en los que es imperativo actuar con iniciativa y discreci\u00f3n.<\/p>\t\t\t\t\t\t\t\t<\/div>\n\t\t\t\t<\/div>\n\t\t\t\t<div class=\"elementor-element elementor-element-7744cd3 elementor-widget elementor-widget-heading\" data-id=\"7744cd3\" data-element_type=\"widget\" data-e-type=\"widget\" data-widget_type=\"heading.default\">\n\t\t\t\t<div class=\"elementor-widget-container\">\n\t\t\t\t\t<h2 class=\"elementor-heading-title elementor-size-default\">NUESTRO PROCESO<\/h2>\t\t\t\t<\/div>\n\t\t\t\t<\/div>\n\t\t\t\t<div class=\"elementor-element elementor-element-9b67fd7 elementor-widget elementor-widget-text-editor\" data-id=\"9b67fd7\" data-element_type=\"widget\" data-e-type=\"widget\" data-widget_type=\"text-editor.default\">\n\t\t\t\t<div class=\"elementor-widget-container\">\n\t\t\t\t\t\t\t\t\t<p class=\"p1\">Nuestro proceso de selecci\u00f3n es riguroso y se adapta totalmente a las necesidades de cada cliente. No te ofrecemos un listado interminable de candidatos, sino que elaboramos una lista breve y concisa teniendo en cuenta tu cultura, estructura y objetivos.<\/p><p class=\"p1\">Normalmente seguimos este proceso:<\/p><p class=\"p1\"><b>Consulta inicial:<\/b> empezamos manteniendo una conversaci\u00f3n para conocer la estructura actual y el perfil del candidato ideal. En caso de que sea necesario o de que se quiera contratar a m\u00e1s de una persona, presentamos varias opciones que permitan cubrir de forma eficiente los puestos de todos los departamentos.<\/p><p class=\"p1\"><b>B\u00fasqueda y preselecci\u00f3n:<\/b> nos valemos de nuestra red y de nuestros recursos para encontrar a los candidatos que se ajusten a tus necesidades, a tus valores y a tu forma de trabajar.<\/p><p class=\"p1\"><b>Entrevistas: <\/b>hacemos entrevistas a todos los candidatos antes de mostrarte su curr\u00edculo. Adem\u00e1s de la experiencia, valoramos cuestiones como la comunicaci\u00f3n, la actitud y la discreci\u00f3n.<\/p><p class=\"p1\"><b>Presentaci\u00f3n de la lista de candidatos:<\/b> te entregamos una lista de los candidatos que mejor se ajusten a la vacante.<\/p><p class=\"p1\"><b>Colocaci\u00f3n y seguimiento:<\/b> una vez que el candidato se une al equipo, mantenemos el contacto con nuestro cliente y con el candidato para garantizar una incorporaci\u00f3n fluida.<\/p>\t\t\t\t\t\t\t\t<\/div>\n\t\t\t\t<\/div>\n\t\t\t\t<div class=\"elementor-element elementor-element-8c0b703 elementor-widget elementor-widget-heading\" data-id=\"8c0b703\" data-element_type=\"widget\" data-e-type=\"widget\" data-widget_type=\"heading.default\">\n\t\t\t\t<div class=\"elementor-widget-container\">\n\t\t\t\t\t<h4 class=\"elementor-heading-title elementor-size-default\">\u00bfPOR QU\u00c9 ELEGIR SQUAD?<\/h4>\t\t\t\t<\/div>\n\t\t\t\t<\/div>\n\t\t\t\t<div class=\"elementor-element elementor-element-a5fe34b elementor-widget elementor-widget-text-editor\" data-id=\"a5fe34b\" data-element_type=\"widget\" data-e-type=\"widget\" data-widget_type=\"text-editor.default\">\n\t\t\t\t<div class=\"elementor-widget-container\">\n\t\t\t\t\t\t\t\t\t<p class=\"p1\">No somos simples reclutadores: somos expertos del sector. Squad es una agencia fundada por profesionales que han trabajado en <i>family offices<\/i>, servicios privados, operaciones en el sector del lujo y empresas dirigidas por sus fundadores. Sabemos todo lo que se necesita para respaldar a personas extraordinarias, porque lo hemos vivido en primera persona.<\/p><p class=\"p1\">Esta experiencia pr\u00e1ctica conforma la base de todo nuestro trabajo, desde la selecci\u00f3n de los candidatos hasta el apoyo que te brindamos para que logres tus objetivos a largo plazo. Trabajamos con discreci\u00f3n y agilidad y no hacemos concesiones en t\u00e9rminos de calidad.<\/p>\t\t\t\t\t\t\t\t<\/div>\n\t\t\t\t<\/div>\n\t\t\t\t<div class=\"elementor-element elementor-element-5c15536 elementor-mobile-align-justify animated-slow elementor-invisible elementor-widget elementor-widget-button\" data-id=\"5c15536\" data-element_type=\"widget\" data-e-type=\"widget\" data-settings=\"{&quot;_animation&quot;:&quot;fadeIn&quot;}\" data-widget_type=\"button.default\">\n\t\t\t\t<div class=\"elementor-widget-container\">\n\t\t\t\t\t\t\t\t\t<div class=\"elementor-button-wrapper\">\n\t\t\t\t\t<a class=\"elementor-button elementor-button-link elementor-size-sm\" href=\"https:\/\/squadplacements.com\/es\/contacto\/\">\n\t\t\t\t\t\t<span class=\"elementor-button-content-wrapper\">\n\t\t\t\t\t\t\t\t\t<span class=\"elementor-button-text\">CONTACTA CON NOSOTROS<\/span>\n\t\t\t\t\t<\/span>\n\t\t\t\t\t<\/a>\n\t\t\t\t<\/div>\n\t\t\t\t\t\t\t\t<\/div>\n\t\t\t\t<\/div>\n\t\t\t\t\t<\/div>\n\t\t<\/div>\n\t\t\t\t\t<\/div>\n\t\t<\/section>\n\t\t\t\t\t<\/div>\n\t\t<\/div>\n\t\t\t\t\t<\/div>\n\t\t<\/section>\n\t\t\t\t<\/div>\n\t\t","protected":false},"excerpt":{"rendered":"<p>Family Office &amp; Corporate Staffing COLOCACI\u00d3N DE PERSONAL DE ALTO NIVEL PARA ESTRUCTURAS EXCEPCIONALES En Squad Placements, somos especialistas en crear equipos con un alto nivel de discreci\u00f3n y eficiencia para family offices, empresas privadas y residencias de personas con un patrimonio neto muy elevado (lo que en ingl\u00e9s se denomina ultra-high-net-worth individual o UNHW). [&hellip;]<\/p>\n","protected":false},"author":1,"featured_media":0,"parent":4168,"menu_order":0,"comment_status":"closed","ping_status":"closed","template":"","meta":{"_acf_changed":false,"footnotes":""},"class_list":["post-4221","page","type-page","status-publish","hentry"],"acf":[],"yoast_head":"<!-- This site is optimized with the Yoast SEO plugin v27.4 - https:\/\/yoast.com\/product\/yoast-seo-wordpress\/ -->\n<title>Colocaci\u00f3n de personal para family offices y para empresas | Squad<\/title>\n<meta name=\"robots\" content=\"index, follow, max-snippet:-1, max-image-preview:large, max-video-preview:-1\" \/>\n<link rel=\"canonical\" href=\"https:\/\/squadplacements.com\/es\/servicios\/colocacion-personal-family-offices-empresas\/\" \/>\n<meta property=\"og:locale\" content=\"es_ES\" \/>\n<meta property=\"og:type\" content=\"article\" \/>\n<meta property=\"og:title\" content=\"Colocaci\u00f3n de personal para family offices y para empresas | Squad\" \/>\n<meta property=\"og:description\" content=\"Family Office &amp; Corporate Staffing COLOCACI\u00d3N DE PERSONAL DE ALTO NIVEL PARA ESTRUCTURAS EXCEPCIONALES En Squad Placements, somos especialistas en crear equipos con un alto nivel de discreci\u00f3n y eficiencia para family offices, empresas privadas y residencias de personas con un patrimonio neto muy elevado (lo que en ingl\u00e9s se denomina ultra-high-net-worth individual o UNHW). [&hellip;]\" \/>\n<meta property=\"og:url\" content=\"https:\/\/squadplacements.com\/es\/servicios\/colocacion-personal-family-offices-empresas\/\" \/>\n<meta property=\"og:site_name\" content=\"Squad\" \/>\n<meta property=\"article:modified_time\" content=\"2026-02-11T12:39:15+00:00\" \/>\n<meta property=\"og:image\" content=\"https:\/\/squadplacements.com\/wp-content\/uploads\/2025\/06\/Full-Squad-Cream.png\" \/>\n\t<meta property=\"og:image:width\" content=\"1000\" \/>\n\t<meta property=\"og:image:height\" content=\"1000\" \/>\n\t<meta property=\"og:image:type\" content=\"image\/png\" \/>\n<meta name=\"twitter:card\" content=\"summary_large_image\" \/>\n<meta name=\"twitter:label1\" content=\"Tiempo de lectura\" \/>\n\t<meta name=\"twitter:data1\" content=\"4 minutos\" \/>\n<script type=\"application\/ld+json\" class=\"yoast-schema-graph\">{\"@context\":\"https:\\\/\\\/schema.org\",\"@graph\":[{\"@type\":\"WebPage\",\"@id\":\"https:\\\/\\\/squadplacements.com\\\/es\\\/servicios\\\/colocacion-personal-family-offices-empresas\\\/\",\"url\":\"https:\\\/\\\/squadplacements.com\\\/es\\\/servicios\\\/colocacion-personal-family-offices-empresas\\\/\",\"name\":\"Colocaci\u00f3n de personal para family offices y para empresas | Squad\",\"isPartOf\":{\"@id\":\"https:\\\/\\\/squadplacements.com\\\/es\\\/#website\"},\"primaryImageOfPage\":{\"@id\":\"https:\\\/\\\/squadplacements.com\\\/es\\\/servicios\\\/colocacion-personal-family-offices-empresas\\\/#primaryimage\"},\"image\":{\"@id\":\"https:\\\/\\\/squadplacements.com\\\/es\\\/servicios\\\/colocacion-personal-family-offices-empresas\\\/#primaryimage\"},\"thumbnailUrl\":\"https:\\\/\\\/squadplacements.com\\\/wp-content\\\/uploads\\\/2025\\\/06\\\/Squad_Family-Office-Staffing.jpg\",\"datePublished\":\"2025-06-11T19:17:02+00:00\",\"dateModified\":\"2026-02-11T12:39:15+00:00\",\"breadcrumb\":{\"@id\":\"https:\\\/\\\/squadplacements.com\\\/es\\\/servicios\\\/colocacion-personal-family-offices-empresas\\\/#breadcrumb\"},\"inLanguage\":\"es\",\"potentialAction\":[{\"@type\":\"ReadAction\",\"target\":[\"https:\\\/\\\/squadplacements.com\\\/es\\\/servicios\\\/colocacion-personal-family-offices-empresas\\\/\"]}]},{\"@type\":\"ImageObject\",\"inLanguage\":\"es\",\"@id\":\"https:\\\/\\\/squadplacements.com\\\/es\\\/servicios\\\/colocacion-personal-family-offices-empresas\\\/#primaryimage\",\"url\":\"https:\\\/\\\/squadplacements.com\\\/wp-content\\\/uploads\\\/2025\\\/06\\\/Squad_Family-Office-Staffing.jpg\",\"contentUrl\":\"https:\\\/\\\/squadplacements.com\\\/wp-content\\\/uploads\\\/2025\\\/06\\\/Squad_Family-Office-Staffing.jpg\"},{\"@type\":\"BreadcrumbList\",\"@id\":\"https:\\\/\\\/squadplacements.com\\\/es\\\/servicios\\\/colocacion-personal-family-offices-empresas\\\/#breadcrumb\",\"itemListElement\":[{\"@type\":\"ListItem\",\"position\":1,\"name\":\"Home\",\"item\":\"https:\\\/\\\/squadplacements.com\\\/es\\\/\"},{\"@type\":\"ListItem\",\"position\":2,\"name\":\"Ubicaciones &#038; Servicios\",\"item\":\"https:\\\/\\\/squadplacements.com\\\/es\\\/servicios\\\/\"},{\"@type\":\"ListItem\",\"position\":3,\"name\":\"Colocaci\u00f3n de personal para family offices y para empresas\"}]},{\"@type\":\"WebSite\",\"@id\":\"https:\\\/\\\/squadplacements.com\\\/es\\\/#website\",\"url\":\"https:\\\/\\\/squadplacements.com\\\/es\\\/\",\"name\":\"Squad High Profile Placements\",\"description\":\"High Profile Placementes\",\"publisher\":{\"@id\":\"https:\\\/\\\/squadplacements.com\\\/es\\\/#organization\"},\"potentialAction\":[{\"@type\":\"SearchAction\",\"target\":{\"@type\":\"EntryPoint\",\"urlTemplate\":\"https:\\\/\\\/squadplacements.com\\\/es\\\/?s={search_term_string}\"},\"query-input\":{\"@type\":\"PropertyValueSpecification\",\"valueRequired\":true,\"valueName\":\"search_term_string\"}}],\"inLanguage\":\"es\"},{\"@type\":\"Organization\",\"@id\":\"https:\\\/\\\/squadplacements.com\\\/es\\\/#organization\",\"name\":\"Squad\",\"url\":\"https:\\\/\\\/squadplacements.com\\\/es\\\/\",\"logo\":{\"@type\":\"ImageObject\",\"inLanguage\":\"es\",\"@id\":\"https:\\\/\\\/squadplacements.com\\\/es\\\/#\\\/schema\\\/logo\\\/image\\\/\",\"url\":\"https:\\\/\\\/squadplacements.com\\\/wp-content\\\/uploads\\\/2024\\\/04\\\/squad-placements.png\",\"contentUrl\":\"https:\\\/\\\/squadplacements.com\\\/wp-content\\\/uploads\\\/2024\\\/04\\\/squad-placements.png\",\"width\":955,\"height\":433,\"caption\":\"Squad\"},\"image\":{\"@id\":\"https:\\\/\\\/squadplacements.com\\\/es\\\/#\\\/schema\\\/logo\\\/image\\\/\"}}]}<\/script>\n<!-- \/ Yoast SEO plugin. -->","yoast_head_json":{"title":"Colocaci\u00f3n de personal para family offices y para empresas | Squad","robots":{"index":"index","follow":"follow","max-snippet":"max-snippet:-1","max-image-preview":"max-image-preview:large","max-video-preview":"max-video-preview:-1"},"canonical":"https:\/\/squadplacements.com\/es\/servicios\/colocacion-personal-family-offices-empresas\/","og_locale":"es_ES","og_type":"article","og_title":"Colocaci\u00f3n de personal para family offices y para empresas | Squad","og_description":"Family Office &amp; Corporate Staffing COLOCACI\u00d3N DE PERSONAL DE ALTO NIVEL PARA ESTRUCTURAS EXCEPCIONALES En Squad Placements, somos especialistas en crear equipos con un alto nivel de discreci\u00f3n y eficiencia para family offices, empresas privadas y residencias de personas con un patrimonio neto muy elevado (lo que en ingl\u00e9s se denomina ultra-high-net-worth individual o UNHW). [&hellip;]","og_url":"https:\/\/squadplacements.com\/es\/servicios\/colocacion-personal-family-offices-empresas\/","og_site_name":"Squad","article_modified_time":"2026-02-11T12:39:15+00:00","og_image":[{"width":1000,"height":1000,"url":"https:\/\/squadplacements.com\/wp-content\/uploads\/2025\/06\/Full-Squad-Cream.png","type":"image\/png"}],"twitter_card":"summary_large_image","twitter_misc":{"Tiempo de lectura":"4 minutos"},"schema":{"@context":"https:\/\/schema.org","@graph":[{"@type":"WebPage","@id":"https:\/\/squadplacements.com\/es\/servicios\/colocacion-personal-family-offices-empresas\/","url":"https:\/\/squadplacements.com\/es\/servicios\/colocacion-personal-family-offices-empresas\/","name":"Colocaci\u00f3n de personal para family offices y para empresas | Squad","isPartOf":{"@id":"https:\/\/squadplacements.com\/es\/#website"},"primaryImageOfPage":{"@id":"https:\/\/squadplacements.com\/es\/servicios\/colocacion-personal-family-offices-empresas\/#primaryimage"},"image":{"@id":"https:\/\/squadplacements.com\/es\/servicios\/colocacion-personal-family-offices-empresas\/#primaryimage"},"thumbnailUrl":"https:\/\/squadplacements.com\/wp-content\/uploads\/2025\/06\/Squad_Family-Office-Staffing.jpg","datePublished":"2025-06-11T19:17:02+00:00","dateModified":"2026-02-11T12:39:15+00:00","breadcrumb":{"@id":"https:\/\/squadplacements.com\/es\/servicios\/colocacion-personal-family-offices-empresas\/#breadcrumb"},"inLanguage":"es","potentialAction":[{"@type":"ReadAction","target":["https:\/\/squadplacements.com\/es\/servicios\/colocacion-personal-family-offices-empresas\/"]}]},{"@type":"ImageObject","inLanguage":"es","@id":"https:\/\/squadplacements.com\/es\/servicios\/colocacion-personal-family-offices-empresas\/#primaryimage","url":"https:\/\/squadplacements.com\/wp-content\/uploads\/2025\/06\/Squad_Family-Office-Staffing.jpg","contentUrl":"https:\/\/squadplacements.com\/wp-content\/uploads\/2025\/06\/Squad_Family-Office-Staffing.jpg"},{"@type":"BreadcrumbList","@id":"https:\/\/squadplacements.com\/es\/servicios\/colocacion-personal-family-offices-empresas\/#breadcrumb","itemListElement":[{"@type":"ListItem","position":1,"name":"Home","item":"https:\/\/squadplacements.com\/es\/"},{"@type":"ListItem","position":2,"name":"Ubicaciones &#038; Servicios","item":"https:\/\/squadplacements.com\/es\/servicios\/"},{"@type":"ListItem","position":3,"name":"Colocaci\u00f3n de personal para family offices y para empresas"}]},{"@type":"WebSite","@id":"https:\/\/squadplacements.com\/es\/#website","url":"https:\/\/squadplacements.com\/es\/","name":"Squad High Profile Placements","description":"High Profile Placementes","publisher":{"@id":"https:\/\/squadplacements.com\/es\/#organization"},"potentialAction":[{"@type":"SearchAction","target":{"@type":"EntryPoint","urlTemplate":"https:\/\/squadplacements.com\/es\/?s={search_term_string}"},"query-input":{"@type":"PropertyValueSpecification","valueRequired":true,"valueName":"search_term_string"}}],"inLanguage":"es"},{"@type":"Organization","@id":"https:\/\/squadplacements.com\/es\/#organization","name":"Squad","url":"https:\/\/squadplacements.com\/es\/","logo":{"@type":"ImageObject","inLanguage":"es","@id":"https:\/\/squadplacements.com\/es\/#\/schema\/logo\/image\/","url":"https:\/\/squadplacements.com\/wp-content\/uploads\/2024\/04\/squad-placements.png","contentUrl":"https:\/\/squadplacements.com\/wp-content\/uploads\/2024\/04\/squad-placements.png","width":955,"height":433,"caption":"Squad"},"image":{"@id":"https:\/\/squadplacements.com\/es\/#\/schema\/logo\/image\/"}}]}},"_links":{"self":[{"href":"https:\/\/squadplacements.com\/es\/wp-json\/wp\/v2\/pages\/4221","targetHints":{"allow":["GET"]}}],"collection":[{"href":"https:\/\/squadplacements.com\/es\/wp-json\/wp\/v2\/pages"}],"about":[{"href":"https:\/\/squadplacements.com\/es\/wp-json\/wp\/v2\/types\/page"}],"author":[{"embeddable":true,"href":"https:\/\/squadplacements.com\/es\/wp-json\/wp\/v2\/users\/1"}],"replies":[{"embeddable":true,"href":"https:\/\/squadplacements.com\/es\/wp-json\/wp\/v2\/comments?post=4221"}],"version-history":[{"count":5,"href":"https:\/\/squadplacements.com\/es\/wp-json\/wp\/v2\/pages\/4221\/revisions"}],"predecessor-version":[{"id":4227,"href":"https:\/\/squadplacements.com\/es\/wp-json\/wp\/v2\/pages\/4221\/revisions\/4227"}],"up":[{"embeddable":true,"href":"https:\/\/squadplacements.com\/es\/wp-json\/wp\/v2\/pages\/4168"}],"wp:attachment":[{"href":"https:\/\/squadplacements.com\/es\/wp-json\/wp\/v2\/media?parent=4221"}],"curies":[{"name":"wp","href":"https:\/\/api.w.org\/{rel}","templated":true}]}}