{"id":4234,"date":"2025-06-16T12:18:44","date_gmt":"2025-06-16T10:18:44","guid":{"rendered":"https:\/\/squadplacements.com\/servicios\/family-office-corporate-consulting\/"},"modified":"2026-02-11T13:44:15","modified_gmt":"2026-02-11T12:44:15","slug":"consultoria-asesoramiento-family-offices","status":"publish","type":"page","link":"https:\/\/squadplacements.com\/es\/servicios\/consultoria-asesoramiento-family-offices\/","title":{"rendered":"Servicios de consultor\u00eda y asesoramiento para family offices"},"content":{"rendered":"\t\t<div data-elementor-type=\"wp-page\" data-elementor-id=\"4234\" class=\"elementor elementor-4234 elementor-3636\" wpc-filter-elementor-widget=\"1\" data-elementor-post-type=\"page\">\n\t\t\t\t\t\t<section class=\"elementor-section elementor-top-section elementor-element elementor-element-2fc82351 elementor-section-full_width elementor-section-height-min-height animated-slow elementor-section-height-default elementor-section-items-middle elementor-invisible\" data-id=\"2fc82351\" data-element_type=\"section\" data-e-type=\"section\" data-settings=\"{&quot;background_background&quot;:&quot;classic&quot;,&quot;animation&quot;:&quot;fadeIn&quot;,&quot;animation_delay&quot;:250}\">\n\t\t\t\t\t\t<div class=\"elementor-container elementor-column-gap-no\">\n\t\t\t\t\t<div class=\"elementor-column elementor-col-100 elementor-top-column elementor-element elementor-element-273b666\" data-id=\"273b666\" data-element_type=\"column\" data-e-type=\"column\">\n\t\t\t<div class=\"elementor-widget-wrap elementor-element-populated\">\n\t\t\t\t\t\t<section class=\"elementor-section elementor-inner-section elementor-element elementor-element-4824c380 elementor-section-boxed elementor-section-height-default elementor-section-height-default\" data-id=\"4824c380\" data-element_type=\"section\" data-e-type=\"section\">\n\t\t\t\t\t\t<div class=\"elementor-container elementor-column-gap-no\">\n\t\t\t\t\t<div class=\"elementor-column elementor-col-100 elementor-inner-column elementor-element elementor-element-14a4f0f\" data-id=\"14a4f0f\" data-element_type=\"column\" data-e-type=\"column\">\n\t\t\t<div class=\"elementor-widget-wrap elementor-element-populated\">\n\t\t\t\t\t\t<div class=\"elementor-element elementor-element-72b2bf9c animated-slow elementor-invisible elementor-widget elementor-widget-image\" data-id=\"72b2bf9c\" data-element_type=\"widget\" data-e-type=\"widget\" data-settings=\"{&quot;_animation&quot;:&quot;fadeIn&quot;}\" data-widget_type=\"image.default\">\n\t\t\t\t<div class=\"elementor-widget-container\">\n\t\t\t\t\t\t\t\t\t\t\t\t\t\t\t<img fetchpriority=\"high\" decoding=\"async\" width=\"800\" height=\"533\" src=\"https:\/\/squadplacements.com\/wp-content\/uploads\/2025\/06\/Squad_Family-Office-Consulting.jpg\" class=\"attachment-large size-large wp-image-4235\" alt=\"\" srcset=\"https:\/\/squadplacements.com\/wp-content\/uploads\/2025\/06\/Squad_Family-Office-Consulting.jpg 860w, https:\/\/squadplacements.com\/wp-content\/uploads\/2025\/06\/Squad_Family-Office-Consulting-300x200.jpg 300w, https:\/\/squadplacements.com\/wp-content\/uploads\/2025\/06\/Squad_Family-Office-Consulting-768x512.jpg 768w\" sizes=\"(max-width: 800px) 100vw, 800px\" \/>\t\t\t\t\t\t\t\t\t\t\t\t\t\t\t<\/div>\n\t\t\t\t<\/div>\n\t\t\t\t<div class=\"elementor-element elementor-element-33c87f53 animated-slow elementor-invisible elementor-widget elementor-widget-heading\" data-id=\"33c87f53\" data-element_type=\"widget\" data-e-type=\"widget\" data-settings=\"{&quot;_animation&quot;:&quot;fadeIn&quot;}\" data-widget_type=\"heading.default\">\n\t\t\t\t<div class=\"elementor-widget-container\">\n\t\t\t\t\t<h2 class=\"elementor-heading-title elementor-size-default\">SERVICIOS DE CONSULTOR\u00cdA Y ASESORAMIENTO PARA <i>FAMILY OFFICES<\/i><\/h2>\t\t\t\t<\/div>\n\t\t\t\t<\/div>\n\t\t\t\t<div class=\"elementor-element elementor-element-f23db6a animated-slow elementor-invisible elementor-widget elementor-widget-text-editor\" data-id=\"f23db6a\" data-element_type=\"widget\" data-e-type=\"widget\" data-settings=\"{&quot;_animation&quot;:&quot;fadeIn&quot;}\" data-widget_type=\"text-editor.default\">\n\t\t\t\t<div class=\"elementor-widget-container\">\n\t\t\t\t\t\t\t\t\t<p class=\"p1\">Las <i>family offices<\/i> y las empresas suelen empezar con una gran ambici\u00f3n, si bien a menudo se convierten en ecosistemas complejos y tensos en los que no hay una estructura clara. En Squad, ayudamos a los fundadores, a los m\u00e1ximos responsables y a los altos cargos a funcionar con la precisi\u00f3n que exigen las operaciones que realizan, ya sean en <i>family offices<\/i> o empresas emergentes o bien establecidas.<\/p><p class=\"p1\">Nuestros servicios de consultor\u00eda est\u00e1n concebidos para aportar orden al desorden, a fin de establecer sistemas sostenibles, jerarqu\u00edas definidas y protocolos pr\u00e1cticos que reflejen tanto tu visi\u00f3n como tus valores. Facilitamos la alineaci\u00f3n de los equipos, el liderazgo efectivo y el flujo de las operaciones.<\/p><p class=\"p1\">Ofrecemos nuestro conocimiento experto y estrat\u00e9gico en todas las facetas de tus operaciones, tanto si se trata de la puesta en marcha de una nueva <i>family office<\/i>, de la reestructuraci\u00f3n de una empresa privada de r\u00e1pido crecimiento o el apoyo al ecosistema en expansi\u00f3n de un fundador.<\/p>\t\t\t\t\t\t\t\t<\/div>\n\t\t\t\t<\/div>\n\t\t\t\t<div class=\"elementor-element elementor-element-c92d32c animated-slow elementor-invisible elementor-widget elementor-widget-heading\" data-id=\"c92d32c\" data-element_type=\"widget\" data-e-type=\"widget\" data-settings=\"{&quot;_animation&quot;:&quot;fadeIn&quot;}\" data-widget_type=\"heading.default\">\n\t\t\t\t<div class=\"elementor-widget-container\">\n\t\t\t\t\t<h2 class=\"elementor-heading-title elementor-size-default\">PROBLEMAS HABITUALES QUE SOLUCIONAMOS<\/h2>\t\t\t\t<\/div>\n\t\t\t\t<\/div>\n\t\t\t\t<div class=\"elementor-element elementor-element-fbe8c16 animated-slow elementor-invisible elementor-widget elementor-widget-text-editor\" data-id=\"fbe8c16\" data-element_type=\"widget\" data-e-type=\"widget\" data-settings=\"{&quot;_animation&quot;:&quot;fadeIn&quot;}\" data-widget_type=\"text-editor.default\">\n\t\t\t\t<div class=\"elementor-widget-container\">\n\t\t\t\t\t\t\t\t\t<p class=\"p1\">Muchas <i>family offices<\/i> y empresas se enfrentan a las mismas dificultades internas:<\/p><ul class=\"ul1\"><li class=\"li1\">Funciones mal definidas o deficiencias en t\u00e9rminos de responsabilidad.<\/li><li class=\"li1\">Flujos de trabajo obsoletos o inexistentes.<\/li><li class=\"li1\">Escasa comunicaci\u00f3n entre los departamentos.<\/li><li class=\"li1\">Dependencia excesiva en el fundador.<\/li><li class=\"li1\">Falta de compromiso del personal o tasa de rotaci\u00f3n elevada.<\/li><li class=\"li1\">Operaciones reactivas (en lugar de proactivas).<\/li><\/ul><p class=\"p1\">Para resolver estos problemas, trabajamos con los miembros de tu equipo y con el equipo directivo para implantar una estructura, establecer un ritmo y generar confianza, todo ello sin perder la flexibilidad o la familiaridad caracter\u00edsticas de tu organizaci\u00f3n.<\/p>\t\t\t\t\t\t\t\t<\/div>\n\t\t\t\t<\/div>\n\t\t\t\t<div class=\"elementor-element elementor-element-34a123e animated-slow elementor-invisible elementor-widget elementor-widget-heading\" data-id=\"34a123e\" data-element_type=\"widget\" data-e-type=\"widget\" data-settings=\"{&quot;_animation&quot;:&quot;fadeIn&quot;}\" data-widget_type=\"heading.default\">\n\t\t\t\t<div class=\"elementor-widget-container\">\n\t\t\t\t\t<h2 class=\"elementor-heading-title elementor-size-default\">NUESTROS SERVICIOS DE CONSULTOR\u00cdA<\/h2>\t\t\t\t<\/div>\n\t\t\t\t<\/div>\n\t\t\t\t<div class=\"elementor-element elementor-element-36f6580 animated-slow elementor-invisible elementor-widget elementor-widget-text-editor\" data-id=\"36f6580\" data-element_type=\"widget\" data-e-type=\"widget\" data-settings=\"{&quot;_animation&quot;:&quot;fadeIn&quot;}\" data-widget_type=\"text-editor.default\">\n\t\t\t\t<div class=\"elementor-widget-container\">\n\t\t\t\t\t\t\t\t\t<p class=\"p1\">Prestamos especial atenci\u00f3n a los siguientes \u00e1mbitos para mejorar las operaciones y las din\u00e1micas internas de tu <i>family office<\/i> o tu empresa:<\/p><p class=\"p1\"><b>Creaci\u00f3n de una estructura organizativa:<\/b> elaboramos organigramas din\u00e1micos y centrados en las personas, en los que queden claras las responsabilidades reales. Definimos las funciones, los niveles de responsabilidad y los objetivos diarios, para aportar claridad organizativa y definir el liderazgo.<\/p><p class=\"p1\"><b>Asesoramiento al equipo directivo:<\/b> trabajamos directamente con los fundadores y con los CEO, los CFO y los COO para ayudarles a dirigir de forma comprensible, a delegar con confianza y a gestionar su equipo para lograr un compromiso a largo plazo. Prestamos servicios de asesoramiento ejecutivo, hacemos comentarios sinceros y ofrecemos asistencia estrat\u00e9gica.<\/p><p class=\"p1\"><b>Optimizaci\u00f3n de los flujos de trabajo:<\/b> auditamos tus operaciones diarias para detectar la falta de eficacia, tareas duplicadas o procesos mal definidos. A continuaci\u00f3n, dise\u00f1amos nuevos flujos de trabajo din\u00e1micos, l\u00f3gicos y f\u00e1ciles de seguir.<\/p><p class=\"p1\"><b>Protocolos de comunicaci\u00f3n: <\/b>creamos protocolos para agilizar las comunicaciones y garantizar que son eficaces y se ajustan a las expectativas. Incluimos cuestiones como la comunicaci\u00f3n entre miembros del equipo ubicados en diferentes husos horarios o las preferencias de comunicaci\u00f3n de los m\u00e1ximos responsables.<\/p><p class=\"p1\"><b><i>Team Building<\/i><\/b><b> y creaci\u00f3n de calendarios:<\/b> establecemos calendarios anuales que incorporen reuniones individuales (<i>one-to-one<\/i>), sesiones de formaci\u00f3n, actividades de<i> team building<\/i> y evaluaciones de desempe\u00f1o, para generar un ritmo de trabajo, mecanismos de retroalimentaci\u00f3n (<i>feedback loop<\/i>) y garantizar la cohesi\u00f3n.<\/p><p class=\"p1\"><b>Elaboraci\u00f3n de manuales:<\/b> si fuera necesario, podemos plasmar por escrito parte o la totalidad de las cuestiones indicadas. Redactamos manuales a medida que dejen constancia de los procedimientos internos, de las obligaciones del personal, de los protocolos de comunicaci\u00f3n y de los flujos de trabajo, para que tu equipo disponga de una referencia clara de los procesos de forma que tu organizaci\u00f3n funcione de manera \u00f3ptima (recibir\u00e1s copias f\u00edsicas y digitales).<\/p>\t\t\t\t\t\t\t\t<\/div>\n\t\t\t\t<\/div>\n\t\t\t\t<div class=\"elementor-element elementor-element-c367ea4 animated-slow elementor-invisible elementor-widget elementor-widget-heading\" data-id=\"c367ea4\" data-element_type=\"widget\" data-e-type=\"widget\" data-settings=\"{&quot;_animation&quot;:&quot;fadeIn&quot;}\" data-widget_type=\"heading.default\">\n\t\t\t\t<div class=\"elementor-widget-container\">\n\t\t\t\t\t<h2 class=\"elementor-heading-title elementor-size-default\">C\u00d3MO TRABAJAMOS<\/h2>\t\t\t\t<\/div>\n\t\t\t\t<\/div>\n\t\t\t\t<div class=\"elementor-element elementor-element-ce56e44 animated-slow elementor-invisible elementor-widget elementor-widget-text-editor\" data-id=\"ce56e44\" data-element_type=\"widget\" data-e-type=\"widget\" data-settings=\"{&quot;_animation&quot;:&quot;fadeIn&quot;}\" data-widget_type=\"text-editor.default\">\n\t\t\t\t<div class=\"elementor-widget-container\">\n\t\t\t\t\t\t\t\t\t<p class=\"p1\">Nuestra metodolog\u00eda se aleja del enfoque corporativo convencional. Apostamos por trabajar como una <i>boutique<\/i>, con un enfoque modesto, humano y personalizado.<span class=\"Apple-converted-space\">\u00a0 <\/span>Nos reunimos est\u00e9s donde est\u00e9s, realizamos un diagn\u00f3stico preciso y creamos sistemas sencillos y depurados que resulten \u00fatiles de verdad, tanto a ti como a tu equipo.<\/p><p class=\"p1\">Normalmente seguimos este proceso:<\/p><p class=\"p1\"><b>Fase 1 \u2013 Evaluaci\u00f3n:<\/b> comenzamos con las entrevistas individuales, las evaluaciones de las operaciones y la recopilaci\u00f3n de comentarios de tu equipo.<\/p><p class=\"p1\"><b>Fase 2 \u2013 Auditor\u00eda y estrategia:<\/b> definimos los desaf\u00edos, detectamos las soluciones que aportan ganancias r\u00e1pidas (<i>quick wins<\/i>) y trazamos un plan de acci\u00f3n claro con los plazos correspondientes.<\/p><p class=\"p1\"><b>Fase 3 \u2013 Puesta en marcha:<\/b> asesoramos o formamos a tu equipo, implantamos los nuevos sistemas e integramos los cambios con asistencia presencial o a distancia.<\/p><p class=\"p1\"><b>Fase 4 \u2013 Seguimiento y asistencia: <\/b>hacemos un seguimiento, efectuamos los cambios necesarios y quedamos a tu disposici\u00f3n para ofrecerte una asistencia continuada.<\/p>\t\t\t\t\t\t\t\t<\/div>\n\t\t\t\t<\/div>\n\t\t\t\t<div class=\"elementor-element elementor-element-8d3b974 animated-slow elementor-invisible elementor-widget elementor-widget-heading\" data-id=\"8d3b974\" data-element_type=\"widget\" data-e-type=\"widget\" data-settings=\"{&quot;_animation&quot;:&quot;fadeIn&quot;}\" data-widget_type=\"heading.default\">\n\t\t\t\t<div class=\"elementor-widget-container\">\n\t\t\t\t\t<h2 class=\"elementor-heading-title elementor-size-default\">\u00bfPOR QU\u00c9 ELEGIR SQUAD?<\/h2>\t\t\t\t<\/div>\n\t\t\t\t<\/div>\n\t\t\t\t<div class=\"elementor-element elementor-element-4988635 animated-slow elementor-invisible elementor-widget elementor-widget-text-editor\" data-id=\"4988635\" data-element_type=\"widget\" data-e-type=\"widget\" data-settings=\"{&quot;_animation&quot;:&quot;fadeIn&quot;}\" data-widget_type=\"text-editor.default\">\n\t\t\t\t<div class=\"elementor-widget-container\">\n\t\t\t\t\t\t\t\t\t<p class=\"p1\">Squad es una agencia fundada por profesionales que han dirigido equipos, implantado sistemas y trabajado en los hogares y las oficinas de algunos de las familias de alto patrimonio m\u00e1s exigentes de Europa, Estados Unidos, Rusia y Oriente Medio. Nuestros consultores poseen experiencia personal en los servicios privados y la combinan con conocimientos acad\u00e9micos en psicolog\u00eda, administraci\u00f3n de empresas y comunicaci\u00f3n, lo que les confiere una perspectiva integral de los elementos necesarios para que los equipos y las operaciones funcionen a la perfecci\u00f3n.<\/p><p class=\"p1\">No queremos hacerlo complicado. Lo que nos interesa es aportar claridad, confianza y cohesi\u00f3n con sistemas que sean realmente duraderos.<\/p><p class=\"p1\">Si buscas mejorar la estructura, la comunicaci\u00f3n o el liderazgo de tu <i>family office<\/i>, tu marca o tu empresa, somos todo lo que necesitas.<\/p>\t\t\t\t\t\t\t\t<\/div>\n\t\t\t\t<\/div>\n\t\t\t\t<div class=\"elementor-element elementor-element-77c82d5 elementor-mobile-align-justify animated-slow elementor-invisible elementor-widget elementor-widget-button\" data-id=\"77c82d5\" data-element_type=\"widget\" data-e-type=\"widget\" data-settings=\"{&quot;_animation&quot;:&quot;fadeIn&quot;}\" data-widget_type=\"button.default\">\n\t\t\t\t<div class=\"elementor-widget-container\">\n\t\t\t\t\t\t\t\t\t<div class=\"elementor-button-wrapper\">\n\t\t\t\t\t<a class=\"elementor-button elementor-button-link elementor-size-sm\" href=\"https:\/\/squadplacements.com\/es\/contacto\/\">\n\t\t\t\t\t\t<span class=\"elementor-button-content-wrapper\">\n\t\t\t\t\t\t\t\t\t<span class=\"elementor-button-text\">CONTACTA CON NOSOTROS<\/span>\n\t\t\t\t\t<\/span>\n\t\t\t\t\t<\/a>\n\t\t\t\t<\/div>\n\t\t\t\t\t\t\t\t<\/div>\n\t\t\t\t<\/div>\n\t\t\t\t\t<\/div>\n\t\t<\/div>\n\t\t\t\t\t<\/div>\n\t\t<\/section>\n\t\t\t\t\t<\/div>\n\t\t<\/div>\n\t\t\t\t\t<\/div>\n\t\t<\/section>\n\t\t\t\t<\/div>\n\t\t","protected":false},"excerpt":{"rendered":"<p>SERVICIOS DE CONSULTOR\u00cdA Y ASESORAMIENTO PARA FAMILY OFFICES Las family offices y las empresas suelen empezar con una gran ambici\u00f3n, si bien a menudo se convierten en ecosistemas complejos y tensos en los que no hay una estructura clara. En Squad, ayudamos a los fundadores, a los m\u00e1ximos responsables y a los altos cargos a [&hellip;]<\/p>\n","protected":false},"author":1,"featured_media":4128,"parent":4168,"menu_order":0,"comment_status":"closed","ping_status":"closed","template":"","meta":{"_acf_changed":false,"footnotes":""},"class_list":["post-4234","page","type-page","status-publish","has-post-thumbnail","hentry"],"acf":[],"yoast_head":"<!-- This site is optimized with the Yoast SEO plugin v27.4 - https:\/\/yoast.com\/product\/yoast-seo-wordpress\/ -->\n<title>Servicios de consultor\u00eda y asesoramiento para family offices | Squad<\/title>\n<meta name=\"robots\" content=\"index, follow, max-snippet:-1, max-image-preview:large, max-video-preview:-1\" \/>\n<link rel=\"canonical\" href=\"https:\/\/squadplacements.com\/es\/servicios\/consultoria-asesoramiento-family-offices\/\" \/>\n<meta property=\"og:locale\" content=\"es_ES\" \/>\n<meta property=\"og:type\" content=\"article\" \/>\n<meta property=\"og:title\" content=\"Servicios de consultor\u00eda y asesoramiento para family offices | Squad\" \/>\n<meta property=\"og:description\" content=\"SERVICIOS DE CONSULTOR\u00cdA Y ASESORAMIENTO PARA FAMILY OFFICES Las family offices y las empresas suelen empezar con una gran ambici\u00f3n, si bien a menudo se convierten en ecosistemas complejos y tensos en los que no hay una estructura clara. En Squad, ayudamos a los fundadores, a los m\u00e1ximos responsables y a los altos cargos a [&hellip;]\" \/>\n<meta property=\"og:url\" content=\"https:\/\/squadplacements.com\/es\/servicios\/consultoria-asesoramiento-family-offices\/\" \/>\n<meta property=\"og:site_name\" content=\"Squad\" \/>\n<meta property=\"article:modified_time\" content=\"2026-02-11T12:44:15+00:00\" \/>\n<meta property=\"og:image\" content=\"https:\/\/squadplacements.com\/wp-content\/uploads\/2025\/06\/Full-Squad-Cream.png\" \/>\n\t<meta property=\"og:image:width\" content=\"1000\" \/>\n\t<meta property=\"og:image:height\" content=\"1000\" \/>\n\t<meta property=\"og:image:type\" content=\"image\/png\" \/>\n<meta name=\"twitter:card\" content=\"summary_large_image\" \/>\n<meta name=\"twitter:label1\" content=\"Tiempo de lectura\" \/>\n\t<meta name=\"twitter:data1\" content=\"5 minutos\" \/>\n<script type=\"application\/ld+json\" class=\"yoast-schema-graph\">{\"@context\":\"https:\\\/\\\/schema.org\",\"@graph\":[{\"@type\":\"WebPage\",\"@id\":\"https:\\\/\\\/squadplacements.com\\\/es\\\/servicios\\\/consultoria-asesoramiento-family-offices\\\/\",\"url\":\"https:\\\/\\\/squadplacements.com\\\/es\\\/servicios\\\/consultoria-asesoramiento-family-offices\\\/\",\"name\":\"Servicios de consultor\u00eda y asesoramiento para family offices | Squad\",\"isPartOf\":{\"@id\":\"https:\\\/\\\/squadplacements.com\\\/es\\\/#website\"},\"primaryImageOfPage\":{\"@id\":\"https:\\\/\\\/squadplacements.com\\\/es\\\/servicios\\\/consultoria-asesoramiento-family-offices\\\/#primaryimage\"},\"image\":{\"@id\":\"https:\\\/\\\/squadplacements.com\\\/es\\\/servicios\\\/consultoria-asesoramiento-family-offices\\\/#primaryimage\"},\"thumbnailUrl\":\"https:\\\/\\\/squadplacements.com\\\/wp-content\\\/uploads\\\/2025\\\/06\\\/Full-Squad-Cream.png\",\"datePublished\":\"2025-06-16T10:18:44+00:00\",\"dateModified\":\"2026-02-11T12:44:15+00:00\",\"breadcrumb\":{\"@id\":\"https:\\\/\\\/squadplacements.com\\\/es\\\/servicios\\\/consultoria-asesoramiento-family-offices\\\/#breadcrumb\"},\"inLanguage\":\"es\",\"potentialAction\":[{\"@type\":\"ReadAction\",\"target\":[\"https:\\\/\\\/squadplacements.com\\\/es\\\/servicios\\\/consultoria-asesoramiento-family-offices\\\/\"]}]},{\"@type\":\"ImageObject\",\"inLanguage\":\"es\",\"@id\":\"https:\\\/\\\/squadplacements.com\\\/es\\\/servicios\\\/consultoria-asesoramiento-family-offices\\\/#primaryimage\",\"url\":\"https:\\\/\\\/squadplacements.com\\\/wp-content\\\/uploads\\\/2025\\\/06\\\/Full-Squad-Cream.png\",\"contentUrl\":\"https:\\\/\\\/squadplacements.com\\\/wp-content\\\/uploads\\\/2025\\\/06\\\/Full-Squad-Cream.png\",\"width\":1000,\"height\":1000,\"caption\":\"squad-private-staffing-agency\"},{\"@type\":\"BreadcrumbList\",\"@id\":\"https:\\\/\\\/squadplacements.com\\\/es\\\/servicios\\\/consultoria-asesoramiento-family-offices\\\/#breadcrumb\",\"itemListElement\":[{\"@type\":\"ListItem\",\"position\":1,\"name\":\"Home\",\"item\":\"https:\\\/\\\/squadplacements.com\\\/es\\\/\"},{\"@type\":\"ListItem\",\"position\":2,\"name\":\"Ubicaciones &#038; Servicios\",\"item\":\"https:\\\/\\\/squadplacements.com\\\/es\\\/servicios\\\/\"},{\"@type\":\"ListItem\",\"position\":3,\"name\":\"Servicios de consultor\u00eda y asesoramiento para family offices\"}]},{\"@type\":\"WebSite\",\"@id\":\"https:\\\/\\\/squadplacements.com\\\/es\\\/#website\",\"url\":\"https:\\\/\\\/squadplacements.com\\\/es\\\/\",\"name\":\"Squad High Profile Placements\",\"description\":\"High Profile Placementes\",\"publisher\":{\"@id\":\"https:\\\/\\\/squadplacements.com\\\/es\\\/#organization\"},\"potentialAction\":[{\"@type\":\"SearchAction\",\"target\":{\"@type\":\"EntryPoint\",\"urlTemplate\":\"https:\\\/\\\/squadplacements.com\\\/es\\\/?s={search_term_string}\"},\"query-input\":{\"@type\":\"PropertyValueSpecification\",\"valueRequired\":true,\"valueName\":\"search_term_string\"}}],\"inLanguage\":\"es\"},{\"@type\":\"Organization\",\"@id\":\"https:\\\/\\\/squadplacements.com\\\/es\\\/#organization\",\"name\":\"Squad\",\"url\":\"https:\\\/\\\/squadplacements.com\\\/es\\\/\",\"logo\":{\"@type\":\"ImageObject\",\"inLanguage\":\"es\",\"@id\":\"https:\\\/\\\/squadplacements.com\\\/es\\\/#\\\/schema\\\/logo\\\/image\\\/\",\"url\":\"https:\\\/\\\/squadplacements.com\\\/wp-content\\\/uploads\\\/2024\\\/04\\\/squad-placements.png\",\"contentUrl\":\"https:\\\/\\\/squadplacements.com\\\/wp-content\\\/uploads\\\/2024\\\/04\\\/squad-placements.png\",\"width\":955,\"height\":433,\"caption\":\"Squad\"},\"image\":{\"@id\":\"https:\\\/\\\/squadplacements.com\\\/es\\\/#\\\/schema\\\/logo\\\/image\\\/\"}}]}<\/script>\n<!-- \/ Yoast SEO plugin. -->","yoast_head_json":{"title":"Servicios de consultor\u00eda y asesoramiento para family offices | Squad","robots":{"index":"index","follow":"follow","max-snippet":"max-snippet:-1","max-image-preview":"max-image-preview:large","max-video-preview":"max-video-preview:-1"},"canonical":"https:\/\/squadplacements.com\/es\/servicios\/consultoria-asesoramiento-family-offices\/","og_locale":"es_ES","og_type":"article","og_title":"Servicios de consultor\u00eda y asesoramiento para family offices | Squad","og_description":"SERVICIOS DE CONSULTOR\u00cdA Y ASESORAMIENTO PARA FAMILY OFFICES Las family offices y las empresas suelen empezar con una gran ambici\u00f3n, si bien a menudo se convierten en ecosistemas complejos y tensos en los que no hay una estructura clara. En Squad, ayudamos a los fundadores, a los m\u00e1ximos responsables y a los altos cargos a [&hellip;]","og_url":"https:\/\/squadplacements.com\/es\/servicios\/consultoria-asesoramiento-family-offices\/","og_site_name":"Squad","article_modified_time":"2026-02-11T12:44:15+00:00","og_image":[{"width":1000,"height":1000,"url":"https:\/\/squadplacements.com\/wp-content\/uploads\/2025\/06\/Full-Squad-Cream.png","type":"image\/png"}],"twitter_card":"summary_large_image","twitter_misc":{"Tiempo de lectura":"5 minutos"},"schema":{"@context":"https:\/\/schema.org","@graph":[{"@type":"WebPage","@id":"https:\/\/squadplacements.com\/es\/servicios\/consultoria-asesoramiento-family-offices\/","url":"https:\/\/squadplacements.com\/es\/servicios\/consultoria-asesoramiento-family-offices\/","name":"Servicios de consultor\u00eda y asesoramiento para family offices | Squad","isPartOf":{"@id":"https:\/\/squadplacements.com\/es\/#website"},"primaryImageOfPage":{"@id":"https:\/\/squadplacements.com\/es\/servicios\/consultoria-asesoramiento-family-offices\/#primaryimage"},"image":{"@id":"https:\/\/squadplacements.com\/es\/servicios\/consultoria-asesoramiento-family-offices\/#primaryimage"},"thumbnailUrl":"https:\/\/squadplacements.com\/wp-content\/uploads\/2025\/06\/Full-Squad-Cream.png","datePublished":"2025-06-16T10:18:44+00:00","dateModified":"2026-02-11T12:44:15+00:00","breadcrumb":{"@id":"https:\/\/squadplacements.com\/es\/servicios\/consultoria-asesoramiento-family-offices\/#breadcrumb"},"inLanguage":"es","potentialAction":[{"@type":"ReadAction","target":["https:\/\/squadplacements.com\/es\/servicios\/consultoria-asesoramiento-family-offices\/"]}]},{"@type":"ImageObject","inLanguage":"es","@id":"https:\/\/squadplacements.com\/es\/servicios\/consultoria-asesoramiento-family-offices\/#primaryimage","url":"https:\/\/squadplacements.com\/wp-content\/uploads\/2025\/06\/Full-Squad-Cream.png","contentUrl":"https:\/\/squadplacements.com\/wp-content\/uploads\/2025\/06\/Full-Squad-Cream.png","width":1000,"height":1000,"caption":"squad-private-staffing-agency"},{"@type":"BreadcrumbList","@id":"https:\/\/squadplacements.com\/es\/servicios\/consultoria-asesoramiento-family-offices\/#breadcrumb","itemListElement":[{"@type":"ListItem","position":1,"name":"Home","item":"https:\/\/squadplacements.com\/es\/"},{"@type":"ListItem","position":2,"name":"Ubicaciones &#038; Servicios","item":"https:\/\/squadplacements.com\/es\/servicios\/"},{"@type":"ListItem","position":3,"name":"Servicios de consultor\u00eda y asesoramiento para family offices"}]},{"@type":"WebSite","@id":"https:\/\/squadplacements.com\/es\/#website","url":"https:\/\/squadplacements.com\/es\/","name":"Squad High Profile Placements","description":"High Profile Placementes","publisher":{"@id":"https:\/\/squadplacements.com\/es\/#organization"},"potentialAction":[{"@type":"SearchAction","target":{"@type":"EntryPoint","urlTemplate":"https:\/\/squadplacements.com\/es\/?s={search_term_string}"},"query-input":{"@type":"PropertyValueSpecification","valueRequired":true,"valueName":"search_term_string"}}],"inLanguage":"es"},{"@type":"Organization","@id":"https:\/\/squadplacements.com\/es\/#organization","name":"Squad","url":"https:\/\/squadplacements.com\/es\/","logo":{"@type":"ImageObject","inLanguage":"es","@id":"https:\/\/squadplacements.com\/es\/#\/schema\/logo\/image\/","url":"https:\/\/squadplacements.com\/wp-content\/uploads\/2024\/04\/squad-placements.png","contentUrl":"https:\/\/squadplacements.com\/wp-content\/uploads\/2024\/04\/squad-placements.png","width":955,"height":433,"caption":"Squad"},"image":{"@id":"https:\/\/squadplacements.com\/es\/#\/schema\/logo\/image\/"}}]}},"_links":{"self":[{"href":"https:\/\/squadplacements.com\/es\/wp-json\/wp\/v2\/pages\/4234","targetHints":{"allow":["GET"]}}],"collection":[{"href":"https:\/\/squadplacements.com\/es\/wp-json\/wp\/v2\/pages"}],"about":[{"href":"https:\/\/squadplacements.com\/es\/wp-json\/wp\/v2\/types\/page"}],"author":[{"embeddable":true,"href":"https:\/\/squadplacements.com\/es\/wp-json\/wp\/v2\/users\/1"}],"replies":[{"embeddable":true,"href":"https:\/\/squadplacements.com\/es\/wp-json\/wp\/v2\/comments?post=4234"}],"version-history":[{"count":5,"href":"https:\/\/squadplacements.com\/es\/wp-json\/wp\/v2\/pages\/4234\/revisions"}],"predecessor-version":[{"id":4240,"href":"https:\/\/squadplacements.com\/es\/wp-json\/wp\/v2\/pages\/4234\/revisions\/4240"}],"up":[{"embeddable":true,"href":"https:\/\/squadplacements.com\/es\/wp-json\/wp\/v2\/pages\/4168"}],"wp:featuredmedia":[{"embeddable":true,"href":"https:\/\/squadplacements.com\/es\/wp-json\/wp\/v2\/media\/4128"}],"wp:attachment":[{"href":"https:\/\/squadplacements.com\/es\/wp-json\/wp\/v2\/media?parent=4234"}],"curies":[{"name":"wp","href":"https:\/\/api.w.org\/{rel}","templated":true}]}}