{"id":4248,"date":"2024-03-08T15:52:42","date_gmt":"2024-03-08T14:52:42","guid":{"rendered":"https:\/\/squadplacements.com\/servicios\/personal-assistants\/"},"modified":"2026-02-11T13:53:52","modified_gmt":"2026-02-11T12:53:52","slug":"asistentes-personales-asistentes-ejecutivos-gestores-patrimoniales","status":"publish","type":"page","link":"https:\/\/squadplacements.com\/es\/servicios\/asistentes-personales-asistentes-ejecutivos-gestores-patrimoniales\/","title":{"rendered":"Asistentes personales, asistentes ejecutivos y gestores patrimoniales"},"content":{"rendered":"\t\t<div data-elementor-type=\"wp-page\" data-elementor-id=\"4248\" class=\"elementor elementor-4248 elementor-1007\" wpc-filter-elementor-widget=\"1\" data-elementor-post-type=\"page\">\n\t\t\t\t\t\t<section class=\"elementor-section elementor-top-section elementor-element elementor-element-6645e3ea elementor-section-full_width elementor-section-height-min-height animated-slow elementor-section-height-default elementor-section-items-middle elementor-invisible\" data-id=\"6645e3ea\" data-element_type=\"section\" data-e-type=\"section\" data-settings=\"{&quot;background_background&quot;:&quot;classic&quot;,&quot;animation&quot;:&quot;fadeIn&quot;,&quot;animation_delay&quot;:250}\">\n\t\t\t\t\t\t<div class=\"elementor-container elementor-column-gap-no\">\n\t\t\t\t\t<div class=\"elementor-column elementor-col-100 elementor-top-column elementor-element elementor-element-1977c964\" data-id=\"1977c964\" data-element_type=\"column\" data-e-type=\"column\">\n\t\t\t<div class=\"elementor-widget-wrap elementor-element-populated\">\n\t\t\t\t\t\t<section class=\"elementor-section elementor-inner-section elementor-element elementor-element-236c6fc5 elementor-section-boxed elementor-section-height-default elementor-section-height-default\" data-id=\"236c6fc5\" data-element_type=\"section\" data-e-type=\"section\">\n\t\t\t\t\t\t<div class=\"elementor-container elementor-column-gap-no\">\n\t\t\t\t\t<div class=\"elementor-column elementor-col-100 elementor-inner-column elementor-element elementor-element-30d67821\" data-id=\"30d67821\" data-element_type=\"column\" data-e-type=\"column\">\n\t\t\t<div class=\"elementor-widget-wrap elementor-element-populated\">\n\t\t\t\t\t\t<div class=\"elementor-element elementor-element-d60ecbc animated-slow elementor-invisible elementor-widget elementor-widget-image\" data-id=\"d60ecbc\" data-element_type=\"widget\" data-e-type=\"widget\" data-settings=\"{&quot;_animation&quot;:&quot;fadeIn&quot;}\" data-widget_type=\"image.default\">\n\t\t\t\t<div class=\"elementor-widget-container\">\n\t\t\t\t\t\t\t\t\t\t\t\t\t\t\t<img fetchpriority=\"high\" decoding=\"async\" width=\"1024\" height=\"576\" src=\"https:\/\/squadplacements.com\/wp-content\/uploads\/2024\/03\/squad-PAs-EAs-Estate-Managers.jpg\" class=\"attachment-full size-full wp-image-4250\" alt=\"Squad Placements\" srcset=\"https:\/\/squadplacements.com\/wp-content\/uploads\/2024\/03\/squad-PAs-EAs-Estate-Managers.jpg 1024w, https:\/\/squadplacements.com\/wp-content\/uploads\/2024\/03\/squad-PAs-EAs-Estate-Managers-300x169.jpg 300w, https:\/\/squadplacements.com\/wp-content\/uploads\/2024\/03\/squad-PAs-EAs-Estate-Managers-768x432.jpg 768w\" sizes=\"(max-width: 1024px) 100vw, 1024px\" \/>\t\t\t\t\t\t\t\t\t\t\t\t\t\t\t<\/div>\n\t\t\t\t<\/div>\n\t\t\t\t<div class=\"elementor-element elementor-element-10f6a2e animated-slow elementor-invisible elementor-widget elementor-widget-text-editor\" data-id=\"10f6a2e\" data-element_type=\"widget\" data-e-type=\"widget\" data-settings=\"{&quot;_animation&quot;:&quot;fadeIn&quot;}\" data-widget_type=\"text-editor.default\">\n\t\t\t\t<div class=\"elementor-widget-container\">\n\t\t\t\t\t\t\t\t\t<p class=\"p1\">Un asistente personal intervendr\u00e1 en cualquier \u00e1rea en la que t\u00fa quieras o necesites delegar. Se encargan de los aspectos cotidianos de tu vida personal y familiar para que t\u00fa dispongas de m\u00e1s tiempo. A menudo, los asistentes personales combinan su puesto con el de asistente ejecutivo, por lo que pueden ayudarte tambi\u00e9n con las tareas relacionadas con tu empresa. Adem\u00e1s, seleccionamos gestores patrimoniales que se hagan cargo del trabajo diario de una o m\u00faltiples propiedades, as\u00ed como de su coordinaci\u00f3n y gesti\u00f3n financieras y log\u00edsticas.<\/p><p class=\"p1\">Las funciones y responsabilidades correspondientes a estos puestos pueden variar en gran medida seg\u00fan las necesidades concretas de cada persona, familia o de las propiedades de que se trate.<\/p><p class=\"p1\"><b>Ejemplos de servicios que puede prestar un asistente personal:<\/b><b><\/b><\/p><ul class=\"ul1\"><li class=\"li1\">Gesti\u00f3n del calendario<\/li><li class=\"li1\">B\u00fasqueda, coordinaci\u00f3n y reserva de viajes<\/li><li class=\"li1\">Pago y supervisi\u00f3n de las facturas y los gastos personales o de la vivienda<\/li><li class=\"li1\">Coordinaci\u00f3n de eventos<\/li><li class=\"li1\">Gesti\u00f3n de proyectos<\/li><li class=\"li1\">Organizaci\u00f3n del hogar y de la oficina<\/li><li class=\"li1\">Reservas y citas<\/li><li class=\"li1\">Recados<\/li><\/ul><p class=\"p1\"><b>Ejemplos de servicios que puede prestar un asistente ejecutivo:<\/b>\u00a0\u00a0\u00a0<\/p><ul class=\"ul1\"><li class=\"li1\">\u00a0Gesti\u00f3n del calendario y compromisos laborales<\/li><li class=\"li1\">Coordinaci\u00f3n de reuniones y videollamadas<\/li><li class=\"li1\">Preparaci\u00f3n de informes y de presentaciones \u00a0<\/li><li class=\"li1\">Gesti\u00f3n de la log\u00edstica de los viajes de trabajo \u00a0<\/li><li class=\"li1\">Tramitaci\u00f3n de la correspondencia y gesti\u00f3n de las comunicaciones \u00a0<\/li><li class=\"li1\">Gesti\u00f3n de los proyectos y los presupuestos de la oficina \u00a0<\/li><\/ul><p class=\"p1\"><b>Ejemplos de servicios que puede prestar un gestor patrimonial:<\/b><b><\/b><\/p><ul class=\"ul1\"><li class=\"li1\">Contrataci\u00f3n, formaci\u00f3n y administraci\u00f3n del personal dom\u00e9stico\u00a0\u00a0<\/li><li class=\"li1\">Supervisi\u00f3n del mantenimiento y las reformas de las propiedades \u00a0<\/li><li class=\"li1\">Gesti\u00f3n de presupuestos y registros patrimoniales \u00a0<\/li><li class=\"li1\">Supervisi\u00f3n del paisajismo, los terrenos y la seguridad \u00a0<\/li><li class=\"li1\">Coordinaci\u00f3n de los eventos celebrados en las propiedades \u00a0<\/li><li class=\"li1\">Garant\u00eda de que todas las propiedades se conservan seg\u00fan los est\u00e1ndares m\u00e1s exigentes<\/li><\/ul><p class=\"p1\">En Squad somos conscientes de que para el desempe\u00f1o de estos puestos se necesitan candidatos con un alto grado de especializaci\u00f3n que tambi\u00e9n sean compatibles a nivel personal con su empleador, dado que mantienen una relaci\u00f3n de trabajo estrecha, pasan mucho tiempo juntos y, cuando es necesario, pueden desempe\u00f1ar sus funciones en su ausencia. Como profesionales que hemos desempe\u00f1ado con \u00e9xito estos puestos, nos enorgullece afirmar que tenemos un sexto sentido para encontrar el asistente personal, el asistente ejecutivo o el gestor patrimonial ideal para cada cliente.<\/p>\t\t\t\t\t\t\t\t<\/div>\n\t\t\t\t<\/div>\n\t\t\t\t<div class=\"elementor-element elementor-element-b4488bb elementor-align-left animated-slow elementor-invisible elementor-widget elementor-widget-button\" data-id=\"b4488bb\" data-element_type=\"widget\" data-e-type=\"widget\" data-settings=\"{&quot;_animation&quot;:&quot;fadeIn&quot;}\" data-widget_type=\"button.default\">\n\t\t\t\t<div class=\"elementor-widget-container\">\n\t\t\t\t\t\t\t\t\t<div class=\"elementor-button-wrapper\">\n\t\t\t\t\t<a class=\"elementor-button elementor-button-link elementor-size-sm\" href=\"https:\/\/squadplacements.com\/es\/contacto\/\">\n\t\t\t\t\t\t<span class=\"elementor-button-content-wrapper\">\n\t\t\t\t\t\t\t\t\t<span class=\"elementor-button-text\">CONTACTA CON NOSOTROS<\/span>\n\t\t\t\t\t<\/span>\n\t\t\t\t\t<\/a>\n\t\t\t\t<\/div>\n\t\t\t\t\t\t\t\t<\/div>\n\t\t\t\t<\/div>\n\t\t\t\t\t<\/div>\n\t\t<\/div>\n\t\t\t\t\t<\/div>\n\t\t<\/section>\n\t\t\t\t\t<\/div>\n\t\t<\/div>\n\t\t\t\t\t<\/div>\n\t\t<\/section>\n\t\t\t\t<\/div>\n\t\t","protected":false},"excerpt":{"rendered":"<p>Un asistente personal intervendr\u00e1 en cualquier \u00e1rea en la que t\u00fa quieras o necesites delegar. Se encargan de los aspectos cotidianos de tu vida personal y familiar para que t\u00fa dispongas de m\u00e1s tiempo. A menudo, los asistentes personales combinan su puesto con el de asistente ejecutivo, por lo que pueden ayudarte tambi\u00e9n con las [&hellip;]<\/p>\n","protected":false},"author":1,"featured_media":4128,"parent":4168,"menu_order":0,"comment_status":"closed","ping_status":"closed","template":"","meta":{"_acf_changed":false,"footnotes":""},"class_list":["post-4248","page","type-page","status-publish","has-post-thumbnail","hentry"],"acf":[],"yoast_head":"<!-- This site is optimized with the Yoast SEO plugin v27.4 - https:\/\/yoast.com\/product\/yoast-seo-wordpress\/ -->\n<title>Asistentes personales, asistentes ejecutivos y gestores patrimoniales | Squad<\/title>\n<meta name=\"robots\" content=\"index, follow, max-snippet:-1, max-image-preview:large, max-video-preview:-1\" \/>\n<link rel=\"canonical\" href=\"https:\/\/squadplacements.com\/es\/servicios\/asistentes-personales-asistentes-ejecutivos-gestores-patrimoniales\/\" \/>\n<meta property=\"og:locale\" content=\"es_ES\" \/>\n<meta property=\"og:type\" content=\"article\" \/>\n<meta property=\"og:title\" content=\"Asistentes personales, asistentes ejecutivos y gestores patrimoniales | Squad\" \/>\n<meta property=\"og:description\" content=\"Un asistente personal intervendr\u00e1 en cualquier \u00e1rea en la que t\u00fa quieras o necesites delegar. Se encargan de los aspectos cotidianos de tu vida personal y familiar para que t\u00fa dispongas de m\u00e1s tiempo. A menudo, los asistentes personales combinan su puesto con el de asistente ejecutivo, por lo que pueden ayudarte tambi\u00e9n con las [&hellip;]\" \/>\n<meta property=\"og:url\" content=\"https:\/\/squadplacements.com\/es\/servicios\/asistentes-personales-asistentes-ejecutivos-gestores-patrimoniales\/\" \/>\n<meta property=\"og:site_name\" content=\"Squad\" \/>\n<meta property=\"article:modified_time\" content=\"2026-02-11T12:53:52+00:00\" \/>\n<meta property=\"og:image\" content=\"https:\/\/squadplacements.com\/wp-content\/uploads\/2025\/06\/Full-Squad-Cream.png\" \/>\n\t<meta property=\"og:image:width\" content=\"1000\" \/>\n\t<meta property=\"og:image:height\" content=\"1000\" \/>\n\t<meta property=\"og:image:type\" content=\"image\/png\" \/>\n<meta name=\"twitter:card\" content=\"summary_large_image\" \/>\n<meta name=\"twitter:image\" content=\"https:\/\/squadplacements.com\/wp-content\/uploads\/2024\/09\/Squad-Logo.jpg\" \/>\n<meta name=\"twitter:label1\" content=\"Tiempo de lectura\" \/>\n\t<meta name=\"twitter:data1\" content=\"2 minutos\" \/>\n<script type=\"application\/ld+json\" class=\"yoast-schema-graph\">{\"@context\":\"https:\\\/\\\/schema.org\",\"@graph\":[{\"@type\":\"WebPage\",\"@id\":\"https:\\\/\\\/squadplacements.com\\\/es\\\/servicios\\\/asistentes-personales-asistentes-ejecutivos-gestores-patrimoniales\\\/\",\"url\":\"https:\\\/\\\/squadplacements.com\\\/es\\\/servicios\\\/asistentes-personales-asistentes-ejecutivos-gestores-patrimoniales\\\/\",\"name\":\"Asistentes personales, asistentes ejecutivos y gestores patrimoniales | Squad\",\"isPartOf\":{\"@id\":\"https:\\\/\\\/squadplacements.com\\\/es\\\/#website\"},\"primaryImageOfPage\":{\"@id\":\"https:\\\/\\\/squadplacements.com\\\/es\\\/servicios\\\/asistentes-personales-asistentes-ejecutivos-gestores-patrimoniales\\\/#primaryimage\"},\"image\":{\"@id\":\"https:\\\/\\\/squadplacements.com\\\/es\\\/servicios\\\/asistentes-personales-asistentes-ejecutivos-gestores-patrimoniales\\\/#primaryimage\"},\"thumbnailUrl\":\"https:\\\/\\\/squadplacements.com\\\/wp-content\\\/uploads\\\/2025\\\/06\\\/Full-Squad-Cream.png\",\"datePublished\":\"2024-03-08T14:52:42+00:00\",\"dateModified\":\"2026-02-11T12:53:52+00:00\",\"breadcrumb\":{\"@id\":\"https:\\\/\\\/squadplacements.com\\\/es\\\/servicios\\\/asistentes-personales-asistentes-ejecutivos-gestores-patrimoniales\\\/#breadcrumb\"},\"inLanguage\":\"es\",\"potentialAction\":[{\"@type\":\"ReadAction\",\"target\":[\"https:\\\/\\\/squadplacements.com\\\/es\\\/servicios\\\/asistentes-personales-asistentes-ejecutivos-gestores-patrimoniales\\\/\"]}]},{\"@type\":\"ImageObject\",\"inLanguage\":\"es\",\"@id\":\"https:\\\/\\\/squadplacements.com\\\/es\\\/servicios\\\/asistentes-personales-asistentes-ejecutivos-gestores-patrimoniales\\\/#primaryimage\",\"url\":\"https:\\\/\\\/squadplacements.com\\\/wp-content\\\/uploads\\\/2025\\\/06\\\/Full-Squad-Cream.png\",\"contentUrl\":\"https:\\\/\\\/squadplacements.com\\\/wp-content\\\/uploads\\\/2025\\\/06\\\/Full-Squad-Cream.png\",\"width\":1000,\"height\":1000,\"caption\":\"squad-private-staffing-agency\"},{\"@type\":\"BreadcrumbList\",\"@id\":\"https:\\\/\\\/squadplacements.com\\\/es\\\/servicios\\\/asistentes-personales-asistentes-ejecutivos-gestores-patrimoniales\\\/#breadcrumb\",\"itemListElement\":[{\"@type\":\"ListItem\",\"position\":1,\"name\":\"Home\",\"item\":\"https:\\\/\\\/squadplacements.com\\\/es\\\/\"},{\"@type\":\"ListItem\",\"position\":2,\"name\":\"Ubicaciones &#038; Servicios\",\"item\":\"https:\\\/\\\/squadplacements.com\\\/es\\\/servicios\\\/\"},{\"@type\":\"ListItem\",\"position\":3,\"name\":\"Asistentes personales, asistentes ejecutivos y gestores patrimoniales\"}]},{\"@type\":\"WebSite\",\"@id\":\"https:\\\/\\\/squadplacements.com\\\/es\\\/#website\",\"url\":\"https:\\\/\\\/squadplacements.com\\\/es\\\/\",\"name\":\"Squad High Profile Placements\",\"description\":\"High Profile Placementes\",\"publisher\":{\"@id\":\"https:\\\/\\\/squadplacements.com\\\/es\\\/#organization\"},\"potentialAction\":[{\"@type\":\"SearchAction\",\"target\":{\"@type\":\"EntryPoint\",\"urlTemplate\":\"https:\\\/\\\/squadplacements.com\\\/es\\\/?s={search_term_string}\"},\"query-input\":{\"@type\":\"PropertyValueSpecification\",\"valueRequired\":true,\"valueName\":\"search_term_string\"}}],\"inLanguage\":\"es\"},{\"@type\":\"Organization\",\"@id\":\"https:\\\/\\\/squadplacements.com\\\/es\\\/#organization\",\"name\":\"Squad\",\"url\":\"https:\\\/\\\/squadplacements.com\\\/es\\\/\",\"logo\":{\"@type\":\"ImageObject\",\"inLanguage\":\"es\",\"@id\":\"https:\\\/\\\/squadplacements.com\\\/es\\\/#\\\/schema\\\/logo\\\/image\\\/\",\"url\":\"https:\\\/\\\/squadplacements.com\\\/wp-content\\\/uploads\\\/2024\\\/04\\\/squad-placements.png\",\"contentUrl\":\"https:\\\/\\\/squadplacements.com\\\/wp-content\\\/uploads\\\/2024\\\/04\\\/squad-placements.png\",\"width\":955,\"height\":433,\"caption\":\"Squad\"},\"image\":{\"@id\":\"https:\\\/\\\/squadplacements.com\\\/es\\\/#\\\/schema\\\/logo\\\/image\\\/\"}}]}<\/script>\n<!-- \/ Yoast SEO plugin. -->","yoast_head_json":{"title":"Asistentes personales, asistentes ejecutivos y gestores patrimoniales | Squad","robots":{"index":"index","follow":"follow","max-snippet":"max-snippet:-1","max-image-preview":"max-image-preview:large","max-video-preview":"max-video-preview:-1"},"canonical":"https:\/\/squadplacements.com\/es\/servicios\/asistentes-personales-asistentes-ejecutivos-gestores-patrimoniales\/","og_locale":"es_ES","og_type":"article","og_title":"Asistentes personales, asistentes ejecutivos y gestores patrimoniales | Squad","og_description":"Un asistente personal intervendr\u00e1 en cualquier \u00e1rea en la que t\u00fa quieras o necesites delegar. Se encargan de los aspectos cotidianos de tu vida personal y familiar para que t\u00fa dispongas de m\u00e1s tiempo. A menudo, los asistentes personales combinan su puesto con el de asistente ejecutivo, por lo que pueden ayudarte tambi\u00e9n con las [&hellip;]","og_url":"https:\/\/squadplacements.com\/es\/servicios\/asistentes-personales-asistentes-ejecutivos-gestores-patrimoniales\/","og_site_name":"Squad","article_modified_time":"2026-02-11T12:53:52+00:00","og_image":[{"width":1000,"height":1000,"url":"https:\/\/squadplacements.com\/wp-content\/uploads\/2025\/06\/Full-Squad-Cream.png","type":"image\/png"}],"twitter_card":"summary_large_image","twitter_image":"https:\/\/squadplacements.com\/wp-content\/uploads\/2024\/09\/Squad-Logo.jpg","twitter_misc":{"Tiempo de lectura":"2 minutos"},"schema":{"@context":"https:\/\/schema.org","@graph":[{"@type":"WebPage","@id":"https:\/\/squadplacements.com\/es\/servicios\/asistentes-personales-asistentes-ejecutivos-gestores-patrimoniales\/","url":"https:\/\/squadplacements.com\/es\/servicios\/asistentes-personales-asistentes-ejecutivos-gestores-patrimoniales\/","name":"Asistentes personales, asistentes ejecutivos y gestores patrimoniales | Squad","isPartOf":{"@id":"https:\/\/squadplacements.com\/es\/#website"},"primaryImageOfPage":{"@id":"https:\/\/squadplacements.com\/es\/servicios\/asistentes-personales-asistentes-ejecutivos-gestores-patrimoniales\/#primaryimage"},"image":{"@id":"https:\/\/squadplacements.com\/es\/servicios\/asistentes-personales-asistentes-ejecutivos-gestores-patrimoniales\/#primaryimage"},"thumbnailUrl":"https:\/\/squadplacements.com\/wp-content\/uploads\/2025\/06\/Full-Squad-Cream.png","datePublished":"2024-03-08T14:52:42+00:00","dateModified":"2026-02-11T12:53:52+00:00","breadcrumb":{"@id":"https:\/\/squadplacements.com\/es\/servicios\/asistentes-personales-asistentes-ejecutivos-gestores-patrimoniales\/#breadcrumb"},"inLanguage":"es","potentialAction":[{"@type":"ReadAction","target":["https:\/\/squadplacements.com\/es\/servicios\/asistentes-personales-asistentes-ejecutivos-gestores-patrimoniales\/"]}]},{"@type":"ImageObject","inLanguage":"es","@id":"https:\/\/squadplacements.com\/es\/servicios\/asistentes-personales-asistentes-ejecutivos-gestores-patrimoniales\/#primaryimage","url":"https:\/\/squadplacements.com\/wp-content\/uploads\/2025\/06\/Full-Squad-Cream.png","contentUrl":"https:\/\/squadplacements.com\/wp-content\/uploads\/2025\/06\/Full-Squad-Cream.png","width":1000,"height":1000,"caption":"squad-private-staffing-agency"},{"@type":"BreadcrumbList","@id":"https:\/\/squadplacements.com\/es\/servicios\/asistentes-personales-asistentes-ejecutivos-gestores-patrimoniales\/#breadcrumb","itemListElement":[{"@type":"ListItem","position":1,"name":"Home","item":"https:\/\/squadplacements.com\/es\/"},{"@type":"ListItem","position":2,"name":"Ubicaciones &#038; Servicios","item":"https:\/\/squadplacements.com\/es\/servicios\/"},{"@type":"ListItem","position":3,"name":"Asistentes personales, asistentes ejecutivos y gestores patrimoniales"}]},{"@type":"WebSite","@id":"https:\/\/squadplacements.com\/es\/#website","url":"https:\/\/squadplacements.com\/es\/","name":"Squad High Profile Placements","description":"High Profile Placementes","publisher":{"@id":"https:\/\/squadplacements.com\/es\/#organization"},"potentialAction":[{"@type":"SearchAction","target":{"@type":"EntryPoint","urlTemplate":"https:\/\/squadplacements.com\/es\/?s={search_term_string}"},"query-input":{"@type":"PropertyValueSpecification","valueRequired":true,"valueName":"search_term_string"}}],"inLanguage":"es"},{"@type":"Organization","@id":"https:\/\/squadplacements.com\/es\/#organization","name":"Squad","url":"https:\/\/squadplacements.com\/es\/","logo":{"@type":"ImageObject","inLanguage":"es","@id":"https:\/\/squadplacements.com\/es\/#\/schema\/logo\/image\/","url":"https:\/\/squadplacements.com\/wp-content\/uploads\/2024\/04\/squad-placements.png","contentUrl":"https:\/\/squadplacements.com\/wp-content\/uploads\/2024\/04\/squad-placements.png","width":955,"height":433,"caption":"Squad"},"image":{"@id":"https:\/\/squadplacements.com\/es\/#\/schema\/logo\/image\/"}}]}},"_links":{"self":[{"href":"https:\/\/squadplacements.com\/es\/wp-json\/wp\/v2\/pages\/4248","targetHints":{"allow":["GET"]}}],"collection":[{"href":"https:\/\/squadplacements.com\/es\/wp-json\/wp\/v2\/pages"}],"about":[{"href":"https:\/\/squadplacements.com\/es\/wp-json\/wp\/v2\/types\/page"}],"author":[{"embeddable":true,"href":"https:\/\/squadplacements.com\/es\/wp-json\/wp\/v2\/users\/1"}],"replies":[{"embeddable":true,"href":"https:\/\/squadplacements.com\/es\/wp-json\/wp\/v2\/comments?post=4248"}],"version-history":[{"count":5,"href":"https:\/\/squadplacements.com\/es\/wp-json\/wp\/v2\/pages\/4248\/revisions"}],"predecessor-version":[{"id":4254,"href":"https:\/\/squadplacements.com\/es\/wp-json\/wp\/v2\/pages\/4248\/revisions\/4254"}],"up":[{"embeddable":true,"href":"https:\/\/squadplacements.com\/es\/wp-json\/wp\/v2\/pages\/4168"}],"wp:featuredmedia":[{"embeddable":true,"href":"https:\/\/squadplacements.com\/es\/wp-json\/wp\/v2\/media\/4128"}],"wp:attachment":[{"href":"https:\/\/squadplacements.com\/es\/wp-json\/wp\/v2\/media?parent=4248"}],"curies":[{"name":"wp","href":"https:\/\/api.w.org\/{rel}","templated":true}]}}