{"id":4276,"date":"2024-03-13T12:49:15","date_gmt":"2024-03-13T11:49:15","guid":{"rendered":"https:\/\/squadplacements.com\/servicios\/corporate\/"},"modified":"2026-02-11T14:21:13","modified_gmt":"2026-02-11T13:21:13","slug":"family-offices-empresas","status":"publish","type":"page","link":"https:\/\/squadplacements.com\/es\/servicios\/family-offices-empresas\/","title":{"rendered":"Family offices y empresas"},"content":{"rendered":"\t\t<div data-elementor-type=\"wp-page\" data-elementor-id=\"4276\" class=\"elementor elementor-4276 elementor-1857\" wpc-filter-elementor-widget=\"1\" data-elementor-post-type=\"page\">\n\t\t\t\t\t\t<section class=\"elementor-section elementor-top-section elementor-element elementor-element-5b096332 elementor-section-full_width elementor-section-height-min-height animated-slow elementor-section-height-default elementor-section-items-middle elementor-invisible\" data-id=\"5b096332\" data-element_type=\"section\" data-e-type=\"section\" data-settings=\"{&quot;background_background&quot;:&quot;classic&quot;,&quot;animation&quot;:&quot;fadeIn&quot;,&quot;animation_delay&quot;:250}\">\n\t\t\t\t\t\t<div class=\"elementor-container elementor-column-gap-no\">\n\t\t\t\t\t<div class=\"elementor-column elementor-col-100 elementor-top-column elementor-element elementor-element-bc377bc\" data-id=\"bc377bc\" data-element_type=\"column\" data-e-type=\"column\">\n\t\t\t<div class=\"elementor-widget-wrap elementor-element-populated\">\n\t\t\t\t\t\t<section class=\"elementor-section elementor-inner-section elementor-element elementor-element-25ea1d7c elementor-section-boxed elementor-section-height-default elementor-section-height-default\" data-id=\"25ea1d7c\" data-element_type=\"section\" data-e-type=\"section\">\n\t\t\t\t\t\t<div class=\"elementor-container elementor-column-gap-no\">\n\t\t\t\t\t<div class=\"elementor-column elementor-col-100 elementor-inner-column elementor-element elementor-element-3e77abac\" data-id=\"3e77abac\" data-element_type=\"column\" data-e-type=\"column\">\n\t\t\t<div class=\"elementor-widget-wrap elementor-element-populated\">\n\t\t\t\t\t\t<div class=\"elementor-element elementor-element-5f05aae animated-slow elementor-invisible elementor-widget elementor-widget-image\" data-id=\"5f05aae\" data-element_type=\"widget\" data-e-type=\"widget\" data-settings=\"{&quot;_animation&quot;:&quot;fadeIn&quot;}\" data-widget_type=\"image.default\">\n\t\t\t\t<div class=\"elementor-widget-container\">\n\t\t\t\t\t\t\t\t\t\t\t\t\t\t\t<img fetchpriority=\"high\" decoding=\"async\" width=\"1024\" height=\"576\" src=\"https:\/\/squadplacements.com\/wp-content\/uploads\/2024\/03\/squad-corporate.jpg\" class=\"attachment-full size-full wp-image-4277\" alt=\"Squad Placements\" srcset=\"https:\/\/squadplacements.com\/wp-content\/uploads\/2024\/03\/squad-corporate.jpg 1024w, https:\/\/squadplacements.com\/wp-content\/uploads\/2024\/03\/squad-corporate-300x169.jpg 300w, https:\/\/squadplacements.com\/wp-content\/uploads\/2024\/03\/squad-corporate-768x432.jpg 768w\" sizes=\"(max-width: 1024px) 100vw, 1024px\" \/>\t\t\t\t\t\t\t\t\t\t\t\t\t\t\t<\/div>\n\t\t\t\t<\/div>\n\t\t\t\t<div class=\"elementor-element elementor-element-ec82ef4 animated-slow elementor-invisible elementor-widget elementor-widget-text-editor\" data-id=\"ec82ef4\" data-element_type=\"widget\" data-e-type=\"widget\" data-settings=\"{&quot;_animation&quot;:&quot;fadeIn&quot;}\" data-widget_type=\"text-editor.default\">\n\t\t\t\t<div class=\"elementor-widget-container\">\n\t\t\t\t\t\t\t\t\t<p class=\"p1\">En Squad, no nos limitamos al aspecto personal de la vida de nuestros clientes. Tenemos una dilatada experiencia en la selecci\u00f3n y la colocaci\u00f3n de profesionales altamente cualificados, tanto en <i>family offices<\/i> como en empresas del sector financiero, de entretenimiento, tecnol\u00f3gico y de la hospitalidad. Somos conscientes de que encontrar al candidato adecuado implica mucho m\u00e1s que evaluar sus competencias y las cualificaciones, tambi\u00e9n requiere entender la cultura de la empresa y las caracter\u00edsticas personales que se necesitan para prosperar en entornos empresariales que avanzan a un ritmo r\u00e1pido. Presentamos candidatos para desempe\u00f1ar puestos decisivos para la mejora de la productividad y para garantizar el \u00e9xito de tu empresa, por ejemplo, personal para asistir a los altos cargos, para gestionar proyectos o para impulsar cambios dentro de una organizaci\u00f3n.<\/p><p class=\"p1\"><b>Ejemplos de puestos corporativos para los que seleccionamos candidatos:<\/b><b><\/b><\/p><ul class=\"ul1\"><li class=\"li1\">Altos cargos: consejeros delegados (CEO), directores financieros (CFO) y jefes de operaciones (COO)<\/li><li class=\"li1\">Jefes de personal\u00a0<\/li><li class=\"li1\">Asistentes ejecutivos y asistentes personales<\/li><li class=\"li1\">Directores jur\u00eddicos y directivos en los \u00e1mbitos financiero, jur\u00eddico y de <i>compliance<\/i><i><\/i><\/li><li class=\"li1\">Gestores de la propiedad y patrimoniales<\/li><li class=\"li1\">Asesores fiscales, contables y gestores de riesgos\u00a0<\/li><li class=\"li1\">Fil\u00e1ntropos o directores de fundaciones<\/li><li class=\"li1\">Especialistas en inform\u00e1tica\/ciberseguridad \u00a0<\/li><\/ul><p class=\"p1\">Los profesionales mencionados tienen experiencia en la gesti\u00f3n de m\u00faltiples tareas de forma simult\u00e1nea, en resolver problemas y en garantizar la confidencialidad. Disponemos de una red de candidatos para puestos corporativos listos para generar resultados desde el primer d\u00eda, tanto si buscas profesionales que optimicen la eficacia de una oficina, que sean capaces de tomar decisiones cr\u00edticas o que apoyen a un departamento en expansi\u00f3n. Nuestra dilatada experiencia en entornos corporativos nos brinda una perspectiva \u00fanica sobre las aptitudes necesarias para desempe\u00f1ar con \u00e9xito estos puestos de trabajo y nos avala para encontrar al candidato ideal que se ajuste a las necesidades de tu empresa.<\/p>\t\t\t\t\t\t\t\t<\/div>\n\t\t\t\t<\/div>\n\t\t\t\t<div class=\"elementor-element elementor-element-84b6cb1 elementor-align-left animated-slow elementor-invisible elementor-widget elementor-widget-button\" data-id=\"84b6cb1\" data-element_type=\"widget\" data-e-type=\"widget\" data-settings=\"{&quot;_animation&quot;:&quot;fadeIn&quot;}\" data-widget_type=\"button.default\">\n\t\t\t\t<div class=\"elementor-widget-container\">\n\t\t\t\t\t\t\t\t\t<div class=\"elementor-button-wrapper\">\n\t\t\t\t\t<a class=\"elementor-button elementor-button-link elementor-size-sm\" href=\"https:\/\/squadplacements.com\/es\/contacto\/\">\n\t\t\t\t\t\t<span class=\"elementor-button-content-wrapper\">\n\t\t\t\t\t\t\t\t\t<span class=\"elementor-button-text\">CONTACTA CON NOSOTROS<\/span>\n\t\t\t\t\t<\/span>\n\t\t\t\t\t<\/a>\n\t\t\t\t<\/div>\n\t\t\t\t\t\t\t\t<\/div>\n\t\t\t\t<\/div>\n\t\t\t\t\t<\/div>\n\t\t<\/div>\n\t\t\t\t\t<\/div>\n\t\t<\/section>\n\t\t\t\t\t<\/div>\n\t\t<\/div>\n\t\t\t\t\t<\/div>\n\t\t<\/section>\n\t\t\t\t<\/div>\n\t\t","protected":false},"excerpt":{"rendered":"<p>En Squad, no nos limitamos al aspecto personal de la vida de nuestros clientes. Tenemos una dilatada experiencia en la selecci\u00f3n y la colocaci\u00f3n de profesionales altamente cualificados, tanto en family offices como en empresas del sector financiero, de entretenimiento, tecnol\u00f3gico y de la hospitalidad. Somos conscientes de que encontrar al candidato adecuado implica mucho [&hellip;]<\/p>\n","protected":false},"author":1,"featured_media":4128,"parent":4168,"menu_order":0,"comment_status":"closed","ping_status":"closed","template":"","meta":{"_acf_changed":false,"footnotes":""},"class_list":["post-4276","page","type-page","status-publish","has-post-thumbnail","hentry"],"acf":[],"yoast_head":"<!-- This site is optimized with the Yoast SEO plugin v27.4 - https:\/\/yoast.com\/product\/yoast-seo-wordpress\/ -->\n<title>Family offices y empresas | Squad<\/title>\n<meta name=\"robots\" content=\"index, follow, max-snippet:-1, max-image-preview:large, max-video-preview:-1\" \/>\n<link rel=\"canonical\" href=\"https:\/\/squadplacements.com\/es\/servicios\/family-offices-empresas\/\" \/>\n<meta property=\"og:locale\" content=\"es_ES\" \/>\n<meta property=\"og:type\" content=\"article\" \/>\n<meta property=\"og:title\" content=\"Family offices y empresas | Squad\" \/>\n<meta property=\"og:description\" content=\"En Squad, no nos limitamos al aspecto personal de la vida de nuestros clientes. Tenemos una dilatada experiencia en la selecci\u00f3n y la colocaci\u00f3n de profesionales altamente cualificados, tanto en family offices como en empresas del sector financiero, de entretenimiento, tecnol\u00f3gico y de la hospitalidad. Somos conscientes de que encontrar al candidato adecuado implica mucho [&hellip;]\" \/>\n<meta property=\"og:url\" content=\"https:\/\/squadplacements.com\/es\/servicios\/family-offices-empresas\/\" \/>\n<meta property=\"og:site_name\" content=\"Squad\" \/>\n<meta property=\"article:modified_time\" content=\"2026-02-11T13:21:13+00:00\" \/>\n<meta property=\"og:image\" content=\"https:\/\/squadplacements.com\/wp-content\/uploads\/2025\/06\/Full-Squad-Cream.png\" \/>\n\t<meta property=\"og:image:width\" content=\"1000\" \/>\n\t<meta property=\"og:image:height\" content=\"1000\" \/>\n\t<meta property=\"og:image:type\" content=\"image\/png\" \/>\n<meta name=\"twitter:card\" content=\"summary_large_image\" \/>\n<meta name=\"twitter:image\" content=\"https:\/\/squadplacements.com\/wp-content\/uploads\/2024\/09\/Squad-Logo.jpg\" \/>\n<meta name=\"twitter:label1\" content=\"Tiempo de lectura\" \/>\n\t<meta name=\"twitter:data1\" content=\"2 minutos\" \/>\n<script type=\"application\/ld+json\" class=\"yoast-schema-graph\">{\"@context\":\"https:\\\/\\\/schema.org\",\"@graph\":[{\"@type\":\"WebPage\",\"@id\":\"https:\\\/\\\/squadplacements.com\\\/es\\\/servicios\\\/family-offices-empresas\\\/\",\"url\":\"https:\\\/\\\/squadplacements.com\\\/es\\\/servicios\\\/family-offices-empresas\\\/\",\"name\":\"Family offices y empresas | Squad\",\"isPartOf\":{\"@id\":\"https:\\\/\\\/squadplacements.com\\\/es\\\/#website\"},\"primaryImageOfPage\":{\"@id\":\"https:\\\/\\\/squadplacements.com\\\/es\\\/servicios\\\/family-offices-empresas\\\/#primaryimage\"},\"image\":{\"@id\":\"https:\\\/\\\/squadplacements.com\\\/es\\\/servicios\\\/family-offices-empresas\\\/#primaryimage\"},\"thumbnailUrl\":\"https:\\\/\\\/squadplacements.com\\\/wp-content\\\/uploads\\\/2025\\\/06\\\/Full-Squad-Cream.png\",\"datePublished\":\"2024-03-13T11:49:15+00:00\",\"dateModified\":\"2026-02-11T13:21:13+00:00\",\"breadcrumb\":{\"@id\":\"https:\\\/\\\/squadplacements.com\\\/es\\\/servicios\\\/family-offices-empresas\\\/#breadcrumb\"},\"inLanguage\":\"es\",\"potentialAction\":[{\"@type\":\"ReadAction\",\"target\":[\"https:\\\/\\\/squadplacements.com\\\/es\\\/servicios\\\/family-offices-empresas\\\/\"]}]},{\"@type\":\"ImageObject\",\"inLanguage\":\"es\",\"@id\":\"https:\\\/\\\/squadplacements.com\\\/es\\\/servicios\\\/family-offices-empresas\\\/#primaryimage\",\"url\":\"https:\\\/\\\/squadplacements.com\\\/wp-content\\\/uploads\\\/2025\\\/06\\\/Full-Squad-Cream.png\",\"contentUrl\":\"https:\\\/\\\/squadplacements.com\\\/wp-content\\\/uploads\\\/2025\\\/06\\\/Full-Squad-Cream.png\",\"width\":1000,\"height\":1000,\"caption\":\"squad-private-staffing-agency\"},{\"@type\":\"BreadcrumbList\",\"@id\":\"https:\\\/\\\/squadplacements.com\\\/es\\\/servicios\\\/family-offices-empresas\\\/#breadcrumb\",\"itemListElement\":[{\"@type\":\"ListItem\",\"position\":1,\"name\":\"Home\",\"item\":\"https:\\\/\\\/squadplacements.com\\\/es\\\/\"},{\"@type\":\"ListItem\",\"position\":2,\"name\":\"Ubicaciones &#038; Servicios\",\"item\":\"https:\\\/\\\/squadplacements.com\\\/es\\\/servicios\\\/\"},{\"@type\":\"ListItem\",\"position\":3,\"name\":\"Family offices y empresas\"}]},{\"@type\":\"WebSite\",\"@id\":\"https:\\\/\\\/squadplacements.com\\\/es\\\/#website\",\"url\":\"https:\\\/\\\/squadplacements.com\\\/es\\\/\",\"name\":\"Squad High Profile Placements\",\"description\":\"High Profile Placementes\",\"publisher\":{\"@id\":\"https:\\\/\\\/squadplacements.com\\\/es\\\/#organization\"},\"potentialAction\":[{\"@type\":\"SearchAction\",\"target\":{\"@type\":\"EntryPoint\",\"urlTemplate\":\"https:\\\/\\\/squadplacements.com\\\/es\\\/?s={search_term_string}\"},\"query-input\":{\"@type\":\"PropertyValueSpecification\",\"valueRequired\":true,\"valueName\":\"search_term_string\"}}],\"inLanguage\":\"es\"},{\"@type\":\"Organization\",\"@id\":\"https:\\\/\\\/squadplacements.com\\\/es\\\/#organization\",\"name\":\"Squad\",\"url\":\"https:\\\/\\\/squadplacements.com\\\/es\\\/\",\"logo\":{\"@type\":\"ImageObject\",\"inLanguage\":\"es\",\"@id\":\"https:\\\/\\\/squadplacements.com\\\/es\\\/#\\\/schema\\\/logo\\\/image\\\/\",\"url\":\"https:\\\/\\\/squadplacements.com\\\/wp-content\\\/uploads\\\/2024\\\/04\\\/squad-placements.png\",\"contentUrl\":\"https:\\\/\\\/squadplacements.com\\\/wp-content\\\/uploads\\\/2024\\\/04\\\/squad-placements.png\",\"width\":955,\"height\":433,\"caption\":\"Squad\"},\"image\":{\"@id\":\"https:\\\/\\\/squadplacements.com\\\/es\\\/#\\\/schema\\\/logo\\\/image\\\/\"}}]}<\/script>\n<!-- \/ Yoast SEO plugin. -->","yoast_head_json":{"title":"Family offices y empresas | Squad","robots":{"index":"index","follow":"follow","max-snippet":"max-snippet:-1","max-image-preview":"max-image-preview:large","max-video-preview":"max-video-preview:-1"},"canonical":"https:\/\/squadplacements.com\/es\/servicios\/family-offices-empresas\/","og_locale":"es_ES","og_type":"article","og_title":"Family offices y empresas | Squad","og_description":"En Squad, no nos limitamos al aspecto personal de la vida de nuestros clientes. Tenemos una dilatada experiencia en la selecci\u00f3n y la colocaci\u00f3n de profesionales altamente cualificados, tanto en family offices como en empresas del sector financiero, de entretenimiento, tecnol\u00f3gico y de la hospitalidad. Somos conscientes de que encontrar al candidato adecuado implica mucho [&hellip;]","og_url":"https:\/\/squadplacements.com\/es\/servicios\/family-offices-empresas\/","og_site_name":"Squad","article_modified_time":"2026-02-11T13:21:13+00:00","og_image":[{"width":1000,"height":1000,"url":"https:\/\/squadplacements.com\/wp-content\/uploads\/2025\/06\/Full-Squad-Cream.png","type":"image\/png"}],"twitter_card":"summary_large_image","twitter_image":"https:\/\/squadplacements.com\/wp-content\/uploads\/2024\/09\/Squad-Logo.jpg","twitter_misc":{"Tiempo de lectura":"2 minutos"},"schema":{"@context":"https:\/\/schema.org","@graph":[{"@type":"WebPage","@id":"https:\/\/squadplacements.com\/es\/servicios\/family-offices-empresas\/","url":"https:\/\/squadplacements.com\/es\/servicios\/family-offices-empresas\/","name":"Family offices y empresas | Squad","isPartOf":{"@id":"https:\/\/squadplacements.com\/es\/#website"},"primaryImageOfPage":{"@id":"https:\/\/squadplacements.com\/es\/servicios\/family-offices-empresas\/#primaryimage"},"image":{"@id":"https:\/\/squadplacements.com\/es\/servicios\/family-offices-empresas\/#primaryimage"},"thumbnailUrl":"https:\/\/squadplacements.com\/wp-content\/uploads\/2025\/06\/Full-Squad-Cream.png","datePublished":"2024-03-13T11:49:15+00:00","dateModified":"2026-02-11T13:21:13+00:00","breadcrumb":{"@id":"https:\/\/squadplacements.com\/es\/servicios\/family-offices-empresas\/#breadcrumb"},"inLanguage":"es","potentialAction":[{"@type":"ReadAction","target":["https:\/\/squadplacements.com\/es\/servicios\/family-offices-empresas\/"]}]},{"@type":"ImageObject","inLanguage":"es","@id":"https:\/\/squadplacements.com\/es\/servicios\/family-offices-empresas\/#primaryimage","url":"https:\/\/squadplacements.com\/wp-content\/uploads\/2025\/06\/Full-Squad-Cream.png","contentUrl":"https:\/\/squadplacements.com\/wp-content\/uploads\/2025\/06\/Full-Squad-Cream.png","width":1000,"height":1000,"caption":"squad-private-staffing-agency"},{"@type":"BreadcrumbList","@id":"https:\/\/squadplacements.com\/es\/servicios\/family-offices-empresas\/#breadcrumb","itemListElement":[{"@type":"ListItem","position":1,"name":"Home","item":"https:\/\/squadplacements.com\/es\/"},{"@type":"ListItem","position":2,"name":"Ubicaciones &#038; Servicios","item":"https:\/\/squadplacements.com\/es\/servicios\/"},{"@type":"ListItem","position":3,"name":"Family offices y empresas"}]},{"@type":"WebSite","@id":"https:\/\/squadplacements.com\/es\/#website","url":"https:\/\/squadplacements.com\/es\/","name":"Squad High Profile Placements","description":"High Profile Placementes","publisher":{"@id":"https:\/\/squadplacements.com\/es\/#organization"},"potentialAction":[{"@type":"SearchAction","target":{"@type":"EntryPoint","urlTemplate":"https:\/\/squadplacements.com\/es\/?s={search_term_string}"},"query-input":{"@type":"PropertyValueSpecification","valueRequired":true,"valueName":"search_term_string"}}],"inLanguage":"es"},{"@type":"Organization","@id":"https:\/\/squadplacements.com\/es\/#organization","name":"Squad","url":"https:\/\/squadplacements.com\/es\/","logo":{"@type":"ImageObject","inLanguage":"es","@id":"https:\/\/squadplacements.com\/es\/#\/schema\/logo\/image\/","url":"https:\/\/squadplacements.com\/wp-content\/uploads\/2024\/04\/squad-placements.png","contentUrl":"https:\/\/squadplacements.com\/wp-content\/uploads\/2024\/04\/squad-placements.png","width":955,"height":433,"caption":"Squad"},"image":{"@id":"https:\/\/squadplacements.com\/es\/#\/schema\/logo\/image\/"}}]}},"_links":{"self":[{"href":"https:\/\/squadplacements.com\/es\/wp-json\/wp\/v2\/pages\/4276","targetHints":{"allow":["GET"]}}],"collection":[{"href":"https:\/\/squadplacements.com\/es\/wp-json\/wp\/v2\/pages"}],"about":[{"href":"https:\/\/squadplacements.com\/es\/wp-json\/wp\/v2\/types\/page"}],"author":[{"embeddable":true,"href":"https:\/\/squadplacements.com\/es\/wp-json\/wp\/v2\/users\/1"}],"replies":[{"embeddable":true,"href":"https:\/\/squadplacements.com\/es\/wp-json\/wp\/v2\/comments?post=4276"}],"version-history":[{"count":5,"href":"https:\/\/squadplacements.com\/es\/wp-json\/wp\/v2\/pages\/4276\/revisions"}],"predecessor-version":[{"id":4282,"href":"https:\/\/squadplacements.com\/es\/wp-json\/wp\/v2\/pages\/4276\/revisions\/4282"}],"up":[{"embeddable":true,"href":"https:\/\/squadplacements.com\/es\/wp-json\/wp\/v2\/pages\/4168"}],"wp:featuredmedia":[{"embeddable":true,"href":"https:\/\/squadplacements.com\/es\/wp-json\/wp\/v2\/media\/4128"}],"wp:attachment":[{"href":"https:\/\/squadplacements.com\/es\/wp-json\/wp\/v2\/media?parent=4276"}],"curies":[{"name":"wp","href":"https:\/\/api.w.org\/{rel}","templated":true}]}}