{"id":4283,"date":"2024-03-08T10:19:41","date_gmt":"2024-03-08T09:19:41","guid":{"rendered":"https:\/\/squadplacements.com\/apply\/"},"modified":"2026-03-20T17:59:26","modified_gmt":"2026-03-20T16:59:26","slug":"enviar-cv","status":"publish","type":"page","link":"https:\/\/squadplacements.com\/es\/enviar-cv\/","title":{"rendered":"Env\u00eda tu CV"},"content":{"rendered":"\t\t<div data-elementor-type=\"wp-page\" data-elementor-id=\"4283\" class=\"elementor elementor-4283 elementor-459\" wpc-filter-elementor-widget=\"1\" data-elementor-post-type=\"page\">\n\t\t\t\t\t\t<section class=\"elementor-section elementor-top-section elementor-element elementor-element-7508b0ab elementor-section-full_width elementor-section-height-min-height animated-slow elementor-section-height-default elementor-section-items-middle elementor-invisible\" data-id=\"7508b0ab\" data-element_type=\"section\" data-e-type=\"section\" data-settings=\"{&quot;background_background&quot;:&quot;classic&quot;,&quot;animation&quot;:&quot;fadeIn&quot;}\">\n\t\t\t\t\t\t<div class=\"elementor-container elementor-column-gap-no\">\n\t\t\t\t\t<div class=\"elementor-column elementor-col-100 elementor-top-column elementor-element elementor-element-64abcaf0\" data-id=\"64abcaf0\" data-element_type=\"column\" data-e-type=\"column\">\n\t\t\t<div class=\"elementor-widget-wrap elementor-element-populated\">\n\t\t\t\t\t\t<section class=\"elementor-section elementor-inner-section elementor-element elementor-element-5895de6f elementor-section-boxed elementor-section-height-default elementor-section-height-default\" data-id=\"5895de6f\" data-element_type=\"section\" data-e-type=\"section\">\n\t\t\t\t\t\t<div class=\"elementor-container elementor-column-gap-no\">\n\t\t\t\t\t<div class=\"elementor-column elementor-col-100 elementor-inner-column elementor-element elementor-element-fbe596c\" data-id=\"fbe596c\" data-element_type=\"column\" data-e-type=\"column\">\n\t\t\t<div class=\"elementor-widget-wrap elementor-element-populated\">\n\t\t\t\t\t\t<div class=\"elementor-element elementor-element-5ba7f071 animated-slow elementor-invisible elementor-widget elementor-widget-heading\" data-id=\"5ba7f071\" data-element_type=\"widget\" data-e-type=\"widget\" data-settings=\"{&quot;_animation&quot;:&quot;fadeIn&quot;}\" data-widget_type=\"heading.default\">\n\t\t\t\t<div class=\"elementor-widget-container\">\n\t\t\t\t\t<h1 class=\"elementor-heading-title elementor-size-default\">Env\u00eda tu CV<\/h1>\t\t\t\t<\/div>\n\t\t\t\t<\/div>\n\t\t\t\t<div class=\"elementor-element elementor-element-55e7095c animated-slow elementor-invisible elementor-widget elementor-widget-text-editor\" data-id=\"55e7095c\" data-element_type=\"widget\" data-e-type=\"widget\" data-settings=\"{&quot;_animation&quot;:&quot;fadeIn&quot;}\" data-widget_type=\"text-editor.default\">\n\t\t\t\t<div class=\"elementor-widget-container\">\n\t\t\t\t\t\t\t\t\t<p class=\"p1\">\u00bfQuieres unirte a un nuevo Squad?<br \/>Cumplimenta el formulario de solicitud e inscr\u00edbete.<\/p>\t\t\t\t\t\t\t\t<\/div>\n\t\t\t\t<\/div>\n\t\t\t\t<div class=\"elementor-element elementor-element-4a4525fd elementor-button-align-end animated-slow elementor-mobile-button-align-stretch elementor-invisible elementor-widget elementor-widget-form\" data-id=\"4a4525fd\" data-element_type=\"widget\" data-e-type=\"widget\" data-settings=\"{&quot;button_width&quot;:&quot;50&quot;,&quot;button_width_mobile&quot;:&quot;100&quot;,&quot;step_next_label&quot;:&quot;Siguiente&quot;,&quot;step_previous_label&quot;:&quot;Anterior&quot;,&quot;_animation&quot;:&quot;fadeIn&quot;,&quot;_animation_mobile&quot;:&quot;fadeIn&quot;,&quot;step_type&quot;:&quot;number_text&quot;,&quot;step_icon_shape&quot;:&quot;circle&quot;}\" data-widget_type=\"form.default\">\n\t\t\t\t<div class=\"elementor-widget-container\">\n\t\t\t\t\t\t\t<form class=\"elementor-form\" method=\"post\" id=\"apply\" name=\"Env\u00eda tu CV\" aria-label=\"Env\u00eda tu CV\">\n\t\t\t<input type=\"hidden\" name=\"post_id\" value=\"4283\"\/>\n\t\t\t<input type=\"hidden\" name=\"form_id\" value=\"4a4525fd\"\/>\n\t\t\t<input type=\"hidden\" name=\"referer_title\" value=\"Env\u00eda tu CV | Squad\" \/>\n\n\t\t\t\t\t\t\t<input type=\"hidden\" name=\"queried_id\" value=\"4283\"\/>\n\t\t\t\n\t\t\t<div class=\"elementor-form-fields-wrapper elementor-labels-above\">\n\t\t\t\t\t\t\t\t<div class=\"elementor-field-type-text elementor-field-group elementor-column elementor-field-group-apply_name elementor-col-50 elementor-field-required\">\n\t\t\t\t\t\t\t\t\t\t\t\t<label for=\"form-field-apply_name\" class=\"elementor-field-label\">\n\t\t\t\t\t\t\t\tNombre:\t\t\t\t\t\t\t<\/label>\n\t\t\t\t\t\t\t\t\t\t\t\t\t\t<input size=\"1\" type=\"text\" name=\"form_fields[apply_name]\" id=\"form-field-apply_name\" class=\"elementor-field elementor-size-sm  elementor-field-textual\" required=\"required\">\n\t\t\t\t\t\t\t\t\t\t\t<\/div>\n\t\t\t\t\t\t\t\t<div class=\"elementor-field-type-text elementor-field-group elementor-column elementor-field-group-apply_last elementor-col-50 elementor-field-required\">\n\t\t\t\t\t\t\t\t\t\t\t\t<label for=\"form-field-apply_last\" class=\"elementor-field-label\">\n\t\t\t\t\t\t\t\tApellido(s):\t\t\t\t\t\t\t<\/label>\n\t\t\t\t\t\t\t\t\t\t\t\t\t\t<input size=\"1\" type=\"text\" name=\"form_fields[apply_last]\" id=\"form-field-apply_last\" class=\"elementor-field elementor-size-sm  elementor-field-textual\" required=\"required\">\n\t\t\t\t\t\t\t\t\t\t\t<\/div>\n\t\t\t\t\t\t\t\t<div class=\"elementor-field-type-email elementor-field-group elementor-column elementor-field-group-apply_email elementor-col-50 elementor-field-required\">\n\t\t\t\t\t\t\t\t\t\t\t\t<label for=\"form-field-apply_email\" class=\"elementor-field-label\">\n\t\t\t\t\t\t\t\tCorreo electr\u00f3nico:\t\t\t\t\t\t\t<\/label>\n\t\t\t\t\t\t\t\t\t\t\t\t\t\t<input size=\"1\" type=\"email\" name=\"form_fields[apply_email]\" id=\"form-field-apply_email\" class=\"elementor-field elementor-size-sm  elementor-field-textual\" required=\"required\">\n\t\t\t\t\t\t\t\t\t\t\t<\/div>\n\t\t\t\t\t\t\t\t<div class=\"elementor-field-type-text elementor-field-group elementor-column elementor-field-group-apply_phone elementor-col-50 elementor-field-required\">\n\t\t\t\t\t\t\t\t\t\t\t\t<label for=\"form-field-apply_phone\" class=\"elementor-field-label\">\n\t\t\t\t\t\t\t\tTel\u00e9fono <span>(con el prefijo del pa\u00eds correspondiente):<\/span>\t\t\t\t\t\t\t<\/label>\n\t\t\t\t\t\t\t\t\t\t\t\t\t\t<input size=\"1\" type=\"text\" name=\"form_fields[apply_phone]\" id=\"form-field-apply_phone\" class=\"elementor-field elementor-size-sm  elementor-field-textual\" required=\"required\">\n\t\t\t\t\t\t\t\t\t\t\t<\/div>\n\t\t\t\t\t\t\t\t<div class=\"elementor-field-type-text elementor-field-group elementor-column elementor-field-group-apply_reference elementor-col-100 elementor-field-required\">\n\t\t\t\t\t\t\t\t\t\t\t\t<label for=\"form-field-apply_reference\" class=\"elementor-field-label\">\n\t\t\t\t\t\t\t\tReferencia del puesto que solicitas:\t\t\t\t\t\t\t<\/label>\n\t\t\t\t\t\t\t\t\t\t\t\t\t\t<input size=\"1\" type=\"text\" name=\"form_fields[apply_reference]\" id=\"form-field-apply_reference\" class=\"elementor-field elementor-size-sm  elementor-field-textual\" required=\"required\">\n\t\t\t\t\t\t\t\t\t\t\t<\/div>\n\t\t\t\t\t\t\t\t<div class=\"elementor-field-type-html elementor-field-group elementor-column elementor-field-group-field_89d95f8 elementor-col-100\">\n\t\t\t\t\t*En caso de que sea una solicitud gen\u00e9rica, en este apartado escribe \"solicitud gen\u00e9rica\".\t\t\t\t<\/div>\n\t\t\t\t\t\t\t\t<div class=\"elementor-field-type-checkbox elementor-field-group elementor-column elementor-field-group-apply_role elementor-col-100\">\n\t\t\t\t\t\t\t\t\t\t\t\t<label for=\"form-field-apply_role\" class=\"elementor-field-label\">\n\t\t\t\t\t\t\t\tPuesto de inter\u00e9s:\t\t\t\t\t\t\t<\/label>\n\t\t\t\t\t\t<div class=\"elementor-field-subgroup  \"><span class=\"elementor-field-option\"><input type=\"checkbox\" value=\"Cuidador infantil en r\u00e9gimen interno\" id=\"form-field-apply_role-0\" name=\"form_fields[apply_role][]\"> <label for=\"form-field-apply_role-0\">Cuidador infantil en r\u00e9gimen interno<\/label><\/span><span class=\"elementor-field-option\"><input type=\"checkbox\" value=\"Cuidador infantil en r\u00e9gimen externo\" id=\"form-field-apply_role-1\" name=\"form_fields[apply_role][]\"> <label for=\"form-field-apply_role-1\">Cuidador infantil en r\u00e9gimen externo<\/label><\/span><span class=\"elementor-field-option\"><input type=\"checkbox\" value=\"Profesional especializado en maternidad\u2028\" id=\"form-field-apply_role-2\" name=\"form_fields[apply_role][]\"> <label for=\"form-field-apply_role-2\">Profesional especializado en maternidad\u2028<\/label><\/span><span class=\"elementor-field-option\"><input type=\"checkbox\" value=\"Instructor\" id=\"form-field-apply_role-3\" name=\"form_fields[apply_role][]\"> <label for=\"form-field-apply_role-3\">Instructor<\/label><\/span><span class=\"elementor-field-option\"><input type=\"checkbox\" value=\"Otro tipo de personal de cuidado infantil\" id=\"form-field-apply_role-4\" name=\"form_fields[apply_role][]\"> <label for=\"form-field-apply_role-4\">Otro tipo de personal de cuidado infantil<\/label><\/span><span class=\"elementor-field-option\"><input type=\"checkbox\" value=\"Chef privado\" id=\"form-field-apply_role-5\" name=\"form_fields[apply_role][]\"> <label for=\"form-field-apply_role-5\">Chef privado<\/label><\/span><span class=\"elementor-field-option\"><input type=\"checkbox\" value=\"Tripulaci\u00f3n de yates\" id=\"form-field-apply_role-6\" name=\"form_fields[apply_role][]\"> <label for=\"form-field-apply_role-6\">Tripulaci\u00f3n de yates<\/label><\/span><span class=\"elementor-field-option\"><input type=\"checkbox\" value=\"Personal de limpieza\" id=\"form-field-apply_role-7\" name=\"form_fields[apply_role][]\"> <label for=\"form-field-apply_role-7\">Personal de limpieza<\/label><\/span><span class=\"elementor-field-option\"><input type=\"checkbox\" value=\"Asistente dom\u00e9stico\" id=\"form-field-apply_role-8\" name=\"form_fields[apply_role][]\"> <label for=\"form-field-apply_role-8\">Asistente dom\u00e9stico<\/label><\/span><span class=\"elementor-field-option\"><input type=\"checkbox\" value=\"Mayordomo\" id=\"form-field-apply_role-9\" name=\"form_fields[apply_role][]\"> <label for=\"form-field-apply_role-9\">Mayordomo<\/label><\/span><span class=\"elementor-field-option\"><input type=\"checkbox\" value=\"Ch\u00f3fer\" id=\"form-field-apply_role-10\" name=\"form_fields[apply_role][]\"> <label for=\"form-field-apply_role-10\">Ch\u00f3fer<\/label><\/span><span class=\"elementor-field-option\"><input type=\"checkbox\" value=\"Asistente personal\" id=\"form-field-apply_role-11\" name=\"form_fields[apply_role][]\"> <label for=\"form-field-apply_role-11\">Asistente personal<\/label><\/span><span class=\"elementor-field-option\"><input type=\"checkbox\" value=\"Asistente ejecutivo\" id=\"form-field-apply_role-12\" name=\"form_fields[apply_role][]\"> <label for=\"form-field-apply_role-12\">Asistente ejecutivo<\/label><\/span><span class=\"elementor-field-option\"><input type=\"checkbox\" value=\"Gestor patrimonial\" id=\"form-field-apply_role-13\" name=\"form_fields[apply_role][]\"> <label for=\"form-field-apply_role-13\">Gestor patrimonial<\/label><\/span><span class=\"elementor-field-option\"><input type=\"checkbox\" value=\"Puesto en Empresa\u2028Otro\" id=\"form-field-apply_role-14\" name=\"form_fields[apply_role][]\"> <label for=\"form-field-apply_role-14\">Puesto en Empresa\u2028Otro<\/label><\/span><\/div>\t\t\t\t<\/div>\n\t\t\t\t\t\t\t\t<div class=\"elementor-field-type-html elementor-field-group elementor-column elementor-field-group-field_4dc5d0b elementor-col-100\">\n\t\t\t\t\t<span class=\"label\">*M\u00edn. 1 opci\u00f3n. M\u00e1x. 3 opciones. <\/span>\t\t\t\t<\/div>\n\t\t\t\t\t\t\t\t<div class=\"elementor-field-type-upload elementor-field-group elementor-column elementor-field-group-apply_resume elementor-col-100 elementor-field-required\">\n\t\t\t\t\t\t\t\t\t\t\t\t<label for=\"form-field-apply_resume\" class=\"elementor-field-label\">\n\t\t\t\t\t\t\t\tCurr\u00edculo:\t\t\t\t\t\t\t<\/label>\n\t\t\t\t\t\t\t\t<input type=\"file\" name=\"form_fields[apply_resume]\" id=\"form-field-apply_resume\" class=\"elementor-field elementor-size-sm  elementor-upload-field\" required=\"required\" data-maxsize=\"3\" data-maxsize-message=\"Este archivo excede el tama\u00f1o m\u00e1ximo permitido.\">\n\n\t\t\t\t\t\t<\/div>\n\t\t\t\t\t\t\t\t<div class=\"elementor-field-type-html elementor-field-group elementor-column elementor-field-group-field_fb1beb2 elementor-col-100\">\n\t\t\t\t\t<span class=\"label\"> *Solo en PDF. 3 MB m\u00e1x.<\/span>\t\t\t\t<\/div>\n\t\t\t\t\t\t\t\t<div class=\"elementor-field-type-upload elementor-field-group elementor-column elementor-field-group-apply_letter elementor-col-100\">\n\t\t\t\t\t\t\t\t\t\t\t\t<label for=\"form-field-apply_letter\" class=\"elementor-field-label\">\n\t\t\t\t\t\t\t\tCarta de presentaci\u00f3n:\t\t\t\t\t\t\t<\/label>\n\t\t\t\t\t\t\t\t<input type=\"file\" name=\"form_fields[apply_letter]\" id=\"form-field-apply_letter\" class=\"elementor-field elementor-size-sm  elementor-upload-field\" data-maxsize=\"3\" data-maxsize-message=\"Este archivo excede el tama\u00f1o m\u00e1ximo permitido.\">\n\n\t\t\t\t\t\t<\/div>\n\t\t\t\t\t\t\t\t<div class=\"elementor-field-type-html elementor-field-group elementor-column elementor-field-group-field_51ee596 elementor-col-100\">\n\t\t\t\t\t<span class=\"label\"> *Solo en PDF. 3 MB m\u00e1x. <\/span>\t\t\t\t<\/div>\n\t\t\t\t\t\t\t\t<div class=\"elementor-field-type-upload elementor-field-group elementor-column elementor-field-group-apply_references elementor-col-100\">\n\t\t\t\t\t\t\t\t\t\t\t\t<label for=\"form-field-apply_references\" class=\"elementor-field-label\">\n\t\t\t\t\t\t\t\tReferencias:\t\t\t\t\t\t\t<\/label>\n\t\t\t\t\t\t\t\t<input type=\"file\" name=\"form_fields[apply_references][]\" id=\"form-field-apply_references\" class=\"elementor-field elementor-size-sm  elementor-upload-field\" multiple=\"multiple\" data-maxsize=\"3\" data-maxsize-message=\"Este archivo excede el tama\u00f1o m\u00e1ximo permitido.\">\n\n\t\t\t\t\t\t<\/div>\n\t\t\t\t\t\t\t\t<div class=\"elementor-field-type-html elementor-field-group elementor-column elementor-field-group-field_863b9ae elementor-col-100\">\n\t\t\t\t\t<span class=\"label\"> *Es obligatorio presentar dos referencias por candidato. Si no dispones de ellas en este momento, puedes enviarlas m\u00e1s tarde al correo electr\u00f3nico <a href=\"mailto:hello@squadplacements.com\">hello@squadplacements.com<\/a><\/span>\t\t\t\t<\/div>\n\t\t\t\t\t\t\t\t<div class=\"elementor-field-type-recaptcha_v3 elementor-field-group elementor-column elementor-field-group-field_a6f48f0 elementor-col-100 recaptcha_v3-bottomright\">\n\t\t\t\t\t<div class=\"elementor-field\" id=\"form-field-field_a6f48f0\"><div class=\"elementor-g-recaptcha\" data-sitekey=\"6Ldj99sqAAAAALZDdv_wWLPpwwhli4sZS8a1uE6v\" data-type=\"v3\" data-action=\"Form\" data-badge=\"bottomright\" data-size=\"invisible\"><\/div><\/div>\t\t\t\t<\/div>\n\t\t\t\t\t\t\t\t<div class=\"elementor-field-type-acceptance elementor-field-group elementor-column elementor-field-group-apply_privacy elementor-col-50 elementor-sm-100 elementor-field-required\">\n\t\t\t\t\t\t\t<div class=\"elementor-field-subgroup\">\n\t\t\t<span class=\"elementor-field-option\">\n\t\t\t\t<input type=\"checkbox\" name=\"form_fields[apply_privacy]\" id=\"form-field-apply_privacy\" class=\"elementor-field elementor-size-sm  elementor-acceptance-field\" required=\"required\">\n\t\t\t\t<label for=\"form-field-apply_privacy\">He le\u00eddo y acepto la <a href=\"https:\/\/squadplacements.com\/es\/politica-privacidad\/\" target=\"_blank\">Pol\u00edtica de Privacidad<\/a>.<\/label>\t\t\t<\/span>\n\t\t<\/div>\n\t\t\t\t\t\t<\/div>\n\t\t\t\t\t\t\t\t<div class=\"elementor-field-group elementor-column elementor-field-type-submit elementor-col-50 e-form__buttons elementor-sm-100\">\n\t\t\t\t\t<button class=\"elementor-button elementor-size-sm\" type=\"submit\">\n\t\t\t\t\t\t<span class=\"elementor-button-content-wrapper\">\n\t\t\t\t\t\t\t\t\t\t\t\t\t\t\t\t\t\t\t\t\t\t<span class=\"elementor-button-text\">ENVIAR<\/span>\n\t\t\t\t\t\t\t\t\t\t\t\t\t<\/span>\n\t\t\t\t\t<\/button>\n\t\t\t\t<\/div>\n\t\t\t<\/div>\n\t\t<\/form>\n\t\t\t\t\t\t<\/div>\n\t\t\t\t<\/div>\n\t\t\t\t\t<\/div>\n\t\t<\/div>\n\t\t\t\t\t<\/div>\n\t\t<\/section>\n\t\t\t\t\t<\/div>\n\t\t<\/div>\n\t\t\t\t\t<\/div>\n\t\t<\/section>\n\t\t\t\t<\/div>\n\t\t","protected":false},"excerpt":{"rendered":"<p>Env\u00eda tu CV \u00bfQuieres unirte a un nuevo Squad?Cumplimenta el formulario de solicitud e inscr\u00edbete.<\/p>\n","protected":false},"author":1,"featured_media":4128,"parent":0,"menu_order":0,"comment_status":"closed","ping_status":"closed","template":"","meta":{"_acf_changed":false,"footnotes":""},"class_list":["post-4283","page","type-page","status-publish","has-post-thumbnail","hentry"],"acf":[],"yoast_head":"<!-- This site is optimized with the Yoast SEO plugin v27.4 - https:\/\/yoast.com\/product\/yoast-seo-wordpress\/ -->\n<title>Env\u00eda tu CV | Squad<\/title>\n<meta name=\"robots\" content=\"index, follow, max-snippet:-1, max-image-preview:large, max-video-preview:-1\" \/>\n<link rel=\"canonical\" href=\"https:\/\/squadplacements.com\/es\/enviar-cv\/\" \/>\n<meta property=\"og:locale\" content=\"es_ES\" \/>\n<meta property=\"og:type\" content=\"article\" \/>\n<meta property=\"og:title\" content=\"Env\u00eda tu CV | Squad\" \/>\n<meta property=\"og:description\" content=\"Env\u00eda tu CV \u00bfQuieres unirte a un nuevo Squad?Cumplimenta el formulario de solicitud e inscr\u00edbete.\" \/>\n<meta property=\"og:url\" content=\"https:\/\/squadplacements.com\/es\/enviar-cv\/\" \/>\n<meta property=\"og:site_name\" content=\"Squad\" \/>\n<meta property=\"article:modified_time\" content=\"2026-03-20T16:59:26+00:00\" \/>\n<meta property=\"og:image\" content=\"https:\/\/squadplacements.com\/wp-content\/uploads\/2025\/06\/Full-Squad-Cream.png\" \/>\n\t<meta property=\"og:image:width\" content=\"1000\" \/>\n\t<meta property=\"og:image:height\" content=\"1000\" \/>\n\t<meta property=\"og:image:type\" content=\"image\/png\" \/>\n<meta name=\"twitter:card\" content=\"summary_large_image\" \/>\n<meta name=\"twitter:image\" content=\"https:\/\/squadplacements.com\/wp-content\/uploads\/2024\/09\/Squad-Logo.jpg\" \/>\n<meta name=\"twitter:label1\" content=\"Tiempo de lectura\" \/>\n\t<meta name=\"twitter:data1\" content=\"1 minuto\" \/>\n<script type=\"application\/ld+json\" class=\"yoast-schema-graph\">{\"@context\":\"https:\\\/\\\/schema.org\",\"@graph\":[{\"@type\":\"WebPage\",\"@id\":\"https:\\\/\\\/squadplacements.com\\\/es\\\/enviar-cv\\\/\",\"url\":\"https:\\\/\\\/squadplacements.com\\\/es\\\/enviar-cv\\\/\",\"name\":\"Env\u00eda tu CV | Squad\",\"isPartOf\":{\"@id\":\"https:\\\/\\\/squadplacements.com\\\/es\\\/#website\"},\"primaryImageOfPage\":{\"@id\":\"https:\\\/\\\/squadplacements.com\\\/es\\\/enviar-cv\\\/#primaryimage\"},\"image\":{\"@id\":\"https:\\\/\\\/squadplacements.com\\\/es\\\/enviar-cv\\\/#primaryimage\"},\"thumbnailUrl\":\"https:\\\/\\\/squadplacements.com\\\/wp-content\\\/uploads\\\/2025\\\/06\\\/Full-Squad-Cream.png\",\"datePublished\":\"2024-03-08T09:19:41+00:00\",\"dateModified\":\"2026-03-20T16:59:26+00:00\",\"breadcrumb\":{\"@id\":\"https:\\\/\\\/squadplacements.com\\\/es\\\/enviar-cv\\\/#breadcrumb\"},\"inLanguage\":\"es\",\"potentialAction\":[{\"@type\":\"ReadAction\",\"target\":[\"https:\\\/\\\/squadplacements.com\\\/es\\\/enviar-cv\\\/\"]}]},{\"@type\":\"ImageObject\",\"inLanguage\":\"es\",\"@id\":\"https:\\\/\\\/squadplacements.com\\\/es\\\/enviar-cv\\\/#primaryimage\",\"url\":\"https:\\\/\\\/squadplacements.com\\\/wp-content\\\/uploads\\\/2025\\\/06\\\/Full-Squad-Cream.png\",\"contentUrl\":\"https:\\\/\\\/squadplacements.com\\\/wp-content\\\/uploads\\\/2025\\\/06\\\/Full-Squad-Cream.png\",\"width\":1000,\"height\":1000,\"caption\":\"squad-private-staffing-agency\"},{\"@type\":\"BreadcrumbList\",\"@id\":\"https:\\\/\\\/squadplacements.com\\\/es\\\/enviar-cv\\\/#breadcrumb\",\"itemListElement\":[{\"@type\":\"ListItem\",\"position\":1,\"name\":\"Home\",\"item\":\"https:\\\/\\\/squadplacements.com\\\/es\\\/\"},{\"@type\":\"ListItem\",\"position\":2,\"name\":\"Env\u00eda tu CV\"}]},{\"@type\":\"WebSite\",\"@id\":\"https:\\\/\\\/squadplacements.com\\\/es\\\/#website\",\"url\":\"https:\\\/\\\/squadplacements.com\\\/es\\\/\",\"name\":\"Squad High Profile Placements\",\"description\":\"High Profile Placementes\",\"publisher\":{\"@id\":\"https:\\\/\\\/squadplacements.com\\\/es\\\/#organization\"},\"potentialAction\":[{\"@type\":\"SearchAction\",\"target\":{\"@type\":\"EntryPoint\",\"urlTemplate\":\"https:\\\/\\\/squadplacements.com\\\/es\\\/?s={search_term_string}\"},\"query-input\":{\"@type\":\"PropertyValueSpecification\",\"valueRequired\":true,\"valueName\":\"search_term_string\"}}],\"inLanguage\":\"es\"},{\"@type\":\"Organization\",\"@id\":\"https:\\\/\\\/squadplacements.com\\\/es\\\/#organization\",\"name\":\"Squad\",\"url\":\"https:\\\/\\\/squadplacements.com\\\/es\\\/\",\"logo\":{\"@type\":\"ImageObject\",\"inLanguage\":\"es\",\"@id\":\"https:\\\/\\\/squadplacements.com\\\/es\\\/#\\\/schema\\\/logo\\\/image\\\/\",\"url\":\"https:\\\/\\\/squadplacements.com\\\/wp-content\\\/uploads\\\/2024\\\/04\\\/squad-placements.png\",\"contentUrl\":\"https:\\\/\\\/squadplacements.com\\\/wp-content\\\/uploads\\\/2024\\\/04\\\/squad-placements.png\",\"width\":955,\"height\":433,\"caption\":\"Squad\"},\"image\":{\"@id\":\"https:\\\/\\\/squadplacements.com\\\/es\\\/#\\\/schema\\\/logo\\\/image\\\/\"}}]}<\/script>\n<!-- \/ Yoast SEO plugin. -->","yoast_head_json":{"title":"Env\u00eda tu CV | Squad","robots":{"index":"index","follow":"follow","max-snippet":"max-snippet:-1","max-image-preview":"max-image-preview:large","max-video-preview":"max-video-preview:-1"},"canonical":"https:\/\/squadplacements.com\/es\/enviar-cv\/","og_locale":"es_ES","og_type":"article","og_title":"Env\u00eda tu CV | Squad","og_description":"Env\u00eda tu CV \u00bfQuieres unirte a un nuevo Squad?Cumplimenta el formulario de solicitud e inscr\u00edbete.","og_url":"https:\/\/squadplacements.com\/es\/enviar-cv\/","og_site_name":"Squad","article_modified_time":"2026-03-20T16:59:26+00:00","og_image":[{"width":1000,"height":1000,"url":"https:\/\/squadplacements.com\/wp-content\/uploads\/2025\/06\/Full-Squad-Cream.png","type":"image\/png"}],"twitter_card":"summary_large_image","twitter_image":"https:\/\/squadplacements.com\/wp-content\/uploads\/2024\/09\/Squad-Logo.jpg","twitter_misc":{"Tiempo de lectura":"1 minuto"},"schema":{"@context":"https:\/\/schema.org","@graph":[{"@type":"WebPage","@id":"https:\/\/squadplacements.com\/es\/enviar-cv\/","url":"https:\/\/squadplacements.com\/es\/enviar-cv\/","name":"Env\u00eda tu CV | Squad","isPartOf":{"@id":"https:\/\/squadplacements.com\/es\/#website"},"primaryImageOfPage":{"@id":"https:\/\/squadplacements.com\/es\/enviar-cv\/#primaryimage"},"image":{"@id":"https:\/\/squadplacements.com\/es\/enviar-cv\/#primaryimage"},"thumbnailUrl":"https:\/\/squadplacements.com\/wp-content\/uploads\/2025\/06\/Full-Squad-Cream.png","datePublished":"2024-03-08T09:19:41+00:00","dateModified":"2026-03-20T16:59:26+00:00","breadcrumb":{"@id":"https:\/\/squadplacements.com\/es\/enviar-cv\/#breadcrumb"},"inLanguage":"es","potentialAction":[{"@type":"ReadAction","target":["https:\/\/squadplacements.com\/es\/enviar-cv\/"]}]},{"@type":"ImageObject","inLanguage":"es","@id":"https:\/\/squadplacements.com\/es\/enviar-cv\/#primaryimage","url":"https:\/\/squadplacements.com\/wp-content\/uploads\/2025\/06\/Full-Squad-Cream.png","contentUrl":"https:\/\/squadplacements.com\/wp-content\/uploads\/2025\/06\/Full-Squad-Cream.png","width":1000,"height":1000,"caption":"squad-private-staffing-agency"},{"@type":"BreadcrumbList","@id":"https:\/\/squadplacements.com\/es\/enviar-cv\/#breadcrumb","itemListElement":[{"@type":"ListItem","position":1,"name":"Home","item":"https:\/\/squadplacements.com\/es\/"},{"@type":"ListItem","position":2,"name":"Env\u00eda tu CV"}]},{"@type":"WebSite","@id":"https:\/\/squadplacements.com\/es\/#website","url":"https:\/\/squadplacements.com\/es\/","name":"Squad High Profile Placements","description":"High Profile Placementes","publisher":{"@id":"https:\/\/squadplacements.com\/es\/#organization"},"potentialAction":[{"@type":"SearchAction","target":{"@type":"EntryPoint","urlTemplate":"https:\/\/squadplacements.com\/es\/?s={search_term_string}"},"query-input":{"@type":"PropertyValueSpecification","valueRequired":true,"valueName":"search_term_string"}}],"inLanguage":"es"},{"@type":"Organization","@id":"https:\/\/squadplacements.com\/es\/#organization","name":"Squad","url":"https:\/\/squadplacements.com\/es\/","logo":{"@type":"ImageObject","inLanguage":"es","@id":"https:\/\/squadplacements.com\/es\/#\/schema\/logo\/image\/","url":"https:\/\/squadplacements.com\/wp-content\/uploads\/2024\/04\/squad-placements.png","contentUrl":"https:\/\/squadplacements.com\/wp-content\/uploads\/2024\/04\/squad-placements.png","width":955,"height":433,"caption":"Squad"},"image":{"@id":"https:\/\/squadplacements.com\/es\/#\/schema\/logo\/image\/"}}]}},"_links":{"self":[{"href":"https:\/\/squadplacements.com\/es\/wp-json\/wp\/v2\/pages\/4283","targetHints":{"allow":["GET"]}}],"collection":[{"href":"https:\/\/squadplacements.com\/es\/wp-json\/wp\/v2\/pages"}],"about":[{"href":"https:\/\/squadplacements.com\/es\/wp-json\/wp\/v2\/types\/page"}],"author":[{"embeddable":true,"href":"https:\/\/squadplacements.com\/es\/wp-json\/wp\/v2\/users\/1"}],"replies":[{"embeddable":true,"href":"https:\/\/squadplacements.com\/es\/wp-json\/wp\/v2\/comments?post=4283"}],"version-history":[{"count":23,"href":"https:\/\/squadplacements.com\/es\/wp-json\/wp\/v2\/pages\/4283\/revisions"}],"predecessor-version":[{"id":4563,"href":"https:\/\/squadplacements.com\/es\/wp-json\/wp\/v2\/pages\/4283\/revisions\/4563"}],"wp:featuredmedia":[{"embeddable":true,"href":"https:\/\/squadplacements.com\/es\/wp-json\/wp\/v2\/media\/4128"}],"wp:attachment":[{"href":"https:\/\/squadplacements.com\/es\/wp-json\/wp\/v2\/media?parent=4283"}],"curies":[{"name":"wp","href":"https:\/\/api.w.org\/{rel}","templated":true}]}}